{"id":3410,"date":"2023-06-23T11:26:55","date_gmt":"2023-06-23T09:26:55","guid":{"rendered":"https:\/\/edulead.net\/orgpaed2023\/?page_id=3410"},"modified":"2023-09-06T09:35:35","modified_gmt":"2023-09-06T07:35:35","slug":"jahrbuch","status":"publish","type":"page","link":"https:\/\/edulead.net\/orgpaed2023\/jahrbuch\/","title":{"rendered":"Jahrbuch"},"content":{"rendered":"\t\t<div data-elementor-type=\"wp-page\" data-elementor-id=\"3410\" data-post-id=\"3410\" data-obj-id=\"3410\" class=\"elementor elementor-3410 dce-elementor-post-3410\" data-elementor-post-type=\"page\">\n\t\t\t\t\t\t<section class=\"elementor-section elementor-top-section elementor-element elementor-element-d53a1a4 elementor-section-boxed elementor-section-height-default elementor-section-height-default\" data-id=\"d53a1a4\" data-element_type=\"section\" data-e-type=\"section\">\n\t\t\t\t\t\t<div class=\"elementor-container elementor-column-gap-default\">\n\t\t\t\t\t<div class=\"elementor-column elementor-col-100 elementor-top-column elementor-element elementor-element-26a5ea7\" data-id=\"26a5ea7\" data-element_type=\"column\" data-e-type=\"column\">\n\t\t\t<div class=\"elementor-widget-wrap elementor-element-populated\">\n\t\t\t\t\t\t<div class=\"elementor-element elementor-element-b3a1dc8 elementor-widget elementor-widget-heading\" data-id=\"b3a1dc8\" data-element_type=\"widget\" data-e-type=\"widget\" data-widget_type=\"heading.default\">\n\t\t\t\t<div class=\"elementor-widget-container\">\n\t\t\t\t\t<h2 class=\"elementor-heading-title elementor-size-default\">5. Jahrbuch der Sektion Organisationsp\u00e4dagogik mit dem\nSchwerpunktthema \u201eOrganisation und Innovation\u201c<\/h2>\t\t\t\t<\/div>\n\t\t\t\t<\/div>\n\t\t\t\t\t<\/div>\n\t\t<\/div>\n\t\t\t\t\t<\/div>\n\t\t<\/section>\n\t\t\t\t<section class=\"elementor-section elementor-top-section elementor-element elementor-element-c663788 elementor-section-boxed elementor-section-height-default elementor-section-height-default\" data-id=\"c663788\" data-element_type=\"section\" data-e-type=\"section\">\n\t\t\t\t\t\t<div class=\"elementor-container elementor-column-gap-default\">\n\t\t\t\t\t<div class=\"elementor-column elementor-col-100 elementor-top-column elementor-element elementor-element-1782700\" data-id=\"1782700\" data-element_type=\"column\" data-e-type=\"column\">\n\t\t\t<div class=\"elementor-widget-wrap elementor-element-populated\">\n\t\t\t\t\t\t<div class=\"elementor-element elementor-element-f74a80c elementor-widget elementor-widget-text-editor\" data-id=\"f74a80c\" data-element_type=\"widget\" data-e-type=\"widget\" data-widget_type=\"text-editor.default\">\n\t\t\t\t<div class=\"elementor-widget-container\">\n\t\t\t\t\t\t\t\t\t<p><strong>Die Frist f\u00fcr die Einreichung der Beitr\u00e4ge wurde verl\u00e4ngert bis zum 30.09.2023.<\/strong><\/p><p><a href=\"https:\/\/edulead.net\/orgpaed2023\/wp-content\/uploads\/sites\/10\/2023\/09\/CfP-Verlaengerung-Jahrbuch-Organisation-und-Innovation-2023-23-09-06.pdf\" target=\"_blank\" rel=\"noopener\">Call for Papers f\u00fcr das Jahrbuch &#8222;Organisation und Innovation&#8220; (PDF deutschsprachig)<\/a><\/p><p><a href=\"https:\/\/edulead.net\/orgpaed2023\/wp-content\/uploads\/sites\/10\/2023\/09\/CallForPapers-Yearbook-OganizationAndInnovation-2023-EN-23-09-06.pdf\" target=\"_blank\" rel=\"noopener\">Call for Papers Papers &#8222;Organization and Innovation&#8220; and Yearbook of the Division Organizational Education (PDF, english-speaking)<\/a><\/p><p>\u00a0<\/p><p>Bitte beachten Sie folgende Vorgaben des Verlags:<\/p><p><a href=\"https:\/\/edulead.net\/orgpaed2023\/wp-content\/uploads\/sites\/10\/2023\/07\/SpringerVS-Paedagogik_Hinweise-Manuskript.pdf\" target=\"_blank\" rel=\"noopener\">Springer VS P\u00e4dagogik Hinweise Manuskript (PDF)<\/a><\/p><p><a href=\"https:\/\/edulead.net\/orgpaed2023\/wp-content\/uploads\/sites\/10\/2023\/07\/SpringerVS-Paedagogik_Hinweise-Literatur.pdf\" target=\"_blank\" rel=\"noopener\">Springer VS P\u00e4dagogik Hinweise Literatur (PDF)<\/a><\/p><p>\u00a0<\/p><p class=\"Default\">Ihren Beitrag schicken Sie bitte unter Beachtung der Manuskripthinweise per E-Mail an: <a href=\"mailto:Orgpaed@EduLead.net\">Orgpaed@EduLead.net<\/a><\/p>\t\t\t\t\t\t\t\t<\/div>\n\t\t\t\t<\/div>\n\t\t\t\t\t<\/div>\n\t\t<\/div>\n\t\t\t\t\t<\/div>\n\t\t<\/section>\n\t\t\t\t<\/div>\n\t\t","protected":false},"excerpt":{"rendered":"<p>5. Jahrbuch der Sektion Organisationsp\u00e4dagogik mit dem Schwerpunktthema \u201eOrganisation und Innovation\u201c Die Frist f\u00fcr die Einreichung der Beitr\u00e4ge wurde verl\u00e4ngert bis zum 30.09.2023. Call for Papers f\u00fcr das Jahrbuch &#8222;Organisation und Innovation&#8220; (PDF deutschsprachig) Call for Papers Papers &#8222;Organization and Innovation&#8220; and Yearbook of the Division Organizational Education (PDF, english-speaking) \u00a0 Bitte beachten Sie folgende [&hellip;]<\/p>\n","protected":false},"author":3,"featured_media":0,"parent":0,"menu_order":0,"comment_status":"closed","ping_status":"closed","template":"","meta":{"footnotes":""},"class_list":["post-3410","page","type-page","status-publish","hentry"],"yoast_head":"<!-- This site is optimized with the Yoast SEO plugin v27.1.1 - https:\/\/yoast.com\/product\/yoast-seo-wordpress\/ -->\n<title>Jahrbuch - Orgpaed2023<\/title>\n<meta name=\"robots\" content=\"index, follow, max-snippet:-1, max-image-preview:large, max-video-preview:-1\" \/>\n<link rel=\"canonical\" href=\"https:\/\/edulead.net\/orgpaed2023\/jahrbuch\/\" \/>\n<meta property=\"og:locale\" content=\"de_DE\" \/>\n<meta property=\"og:type\" content=\"article\" \/>\n<meta property=\"og:title\" content=\"Jahrbuch - Orgpaed2023\" \/>\n<meta property=\"og:description\" content=\"5. Jahrbuch der Sektion Organisationsp\u00e4dagogik mit dem Schwerpunktthema \u201eOrganisation und Innovation\u201c Die Frist f\u00fcr die Einreichung der Beitr\u00e4ge wurde verl\u00e4ngert bis zum 30.09.2023. Call for Papers f\u00fcr das Jahrbuch &#8222;Organisation und Innovation&#8220; (PDF deutschsprachig) Call for Papers Papers &#8222;Organization and Innovation&#8220; and Yearbook of the Division Organizational Education (PDF, english-speaking) \u00a0 Bitte beachten Sie folgende [&hellip;]\" \/>\n<meta property=\"og:url\" content=\"https:\/\/edulead.net\/orgpaed2023\/jahrbuch\/\" \/>\n<meta property=\"og:site_name\" content=\"Orgpaed2023\" \/>\n<meta property=\"article:modified_time\" content=\"2023-09-06T07:35:35+00:00\" \/>\n<meta name=\"twitter:card\" content=\"summary_large_image\" \/>\n<meta name=\"twitter:label1\" content=\"Gesch\u00e4tzte Lesezeit\" \/>\n\t<meta name=\"twitter:data1\" content=\"1\u00a0Minute\" \/>\n<script type=\"application\/ld+json\" class=\"yoast-schema-graph\">{\"@context\":\"https:\/\/schema.org\",\"@graph\":[{\"@type\":\"WebPage\",\"@id\":\"https:\/\/edulead.net\/orgpaed2023\/jahrbuch\/\",\"url\":\"https:\/\/edulead.net\/orgpaed2023\/jahrbuch\/\",\"name\":\"Jahrbuch - Orgpaed2023\",\"isPartOf\":{\"@id\":\"https:\/\/edulead.net\/orgpaed2023\/#website\"},\"datePublished\":\"2023-06-23T09:26:55+00:00\",\"dateModified\":\"2023-09-06T07:35:35+00:00\",\"breadcrumb\":{\"@id\":\"https:\/\/edulead.net\/orgpaed2023\/jahrbuch\/#breadcrumb\"},\"inLanguage\":\"de\",\"potentialAction\":[{\"@type\":\"ReadAction\",\"target\":[\"https:\/\/edulead.net\/orgpaed2023\/jahrbuch\/\"]}]},{\"@type\":\"BreadcrumbList\",\"@id\":\"https:\/\/edulead.net\/orgpaed2023\/jahrbuch\/#breadcrumb\",\"itemListElement\":[{\"@type\":\"ListItem\",\"position\":1,\"name\":\"Startseite\",\"item\":\"https:\/\/edulead.net\/orgpaed2023\/\"},{\"@type\":\"ListItem\",\"position\":2,\"name\":\"Jahrbuch\"}]},{\"@type\":\"WebSite\",\"@id\":\"https:\/\/edulead.net\/orgpaed2023\/#website\",\"url\":\"https:\/\/edulead.net\/orgpaed2023\/\",\"name\":\"Orgpaed2023\",\"description\":\"\",\"potentialAction\":[{\"@type\":\"SearchAction\",\"target\":{\"@type\":\"EntryPoint\",\"urlTemplate\":\"https:\/\/edulead.net\/orgpaed2023\/?s={search_term_string}\"},\"query-input\":{\"@type\":\"PropertyValueSpecification\",\"valueRequired\":true,\"valueName\":\"search_term_string\"}}],\"inLanguage\":\"de\"}]}<\/script>\n<!-- \/ Yoast SEO plugin. -->","yoast_head_json":{"title":"Jahrbuch - Orgpaed2023","robots":{"index":"index","follow":"follow","max-snippet":"max-snippet:-1","max-image-preview":"max-image-preview:large","max-video-preview":"max-video-preview:-1"},"canonical":"https:\/\/edulead.net\/orgpaed2023\/jahrbuch\/","og_locale":"de_DE","og_type":"article","og_title":"Jahrbuch - Orgpaed2023","og_description":"5. Jahrbuch der Sektion Organisationsp\u00e4dagogik mit dem Schwerpunktthema \u201eOrganisation und Innovation\u201c Die Frist f\u00fcr die Einreichung der Beitr\u00e4ge wurde verl\u00e4ngert bis zum 30.09.2023. Call for Papers f\u00fcr das Jahrbuch &#8222;Organisation und Innovation&#8220; (PDF deutschsprachig) Call for Papers Papers &#8222;Organization and Innovation&#8220; and Yearbook of the Division Organizational Education (PDF, english-speaking) \u00a0 Bitte beachten Sie folgende [&hellip;]","og_url":"https:\/\/edulead.net\/orgpaed2023\/jahrbuch\/","og_site_name":"Orgpaed2023","article_modified_time":"2023-09-06T07:35:35+00:00","twitter_card":"summary_large_image","twitter_misc":{"Gesch\u00e4tzte Lesezeit":"1\u00a0Minute"},"schema":{"@context":"https:\/\/schema.org","@graph":[{"@type":"WebPage","@id":"https:\/\/edulead.net\/orgpaed2023\/jahrbuch\/","url":"https:\/\/edulead.net\/orgpaed2023\/jahrbuch\/","name":"Jahrbuch - Orgpaed2023","isPartOf":{"@id":"https:\/\/edulead.net\/orgpaed2023\/#website"},"datePublished":"2023-06-23T09:26:55+00:00","dateModified":"2023-09-06T07:35:35+00:00","breadcrumb":{"@id":"https:\/\/edulead.net\/orgpaed2023\/jahrbuch\/#breadcrumb"},"inLanguage":"de","potentialAction":[{"@type":"ReadAction","target":["https:\/\/edulead.net\/orgpaed2023\/jahrbuch\/"]}]},{"@type":"BreadcrumbList","@id":"https:\/\/edulead.net\/orgpaed2023\/jahrbuch\/#breadcrumb","itemListElement":[{"@type":"ListItem","position":1,"name":"Startseite","item":"https:\/\/edulead.net\/orgpaed2023\/"},{"@type":"ListItem","position":2,"name":"Jahrbuch"}]},{"@type":"WebSite","@id":"https:\/\/edulead.net\/orgpaed2023\/#website","url":"https:\/\/edulead.net\/orgpaed2023\/","name":"Orgpaed2023","description":"","potentialAction":[{"@type":"SearchAction","target":{"@type":"EntryPoint","urlTemplate":"https:\/\/edulead.net\/orgpaed2023\/?s={search_term_string}"},"query-input":{"@type":"PropertyValueSpecification","valueRequired":true,"valueName":"search_term_string"}}],"inLanguage":"de"}]}},"_links":{"self":[{"href":"https:\/\/edulead.net\/orgpaed2023\/wp-json\/wp\/v2\/pages\/3410","targetHints":{"allow":["GET"]}}],"collection":[{"href":"https:\/\/edulead.net\/orgpaed2023\/wp-json\/wp\/v2\/pages"}],"about":[{"href":"https:\/\/edulead.net\/orgpaed2023\/wp-json\/wp\/v2\/types\/page"}],"author":[{"embeddable":true,"href":"https:\/\/edulead.net\/orgpaed2023\/wp-json\/wp\/v2\/users\/3"}],"replies":[{"embeddable":true,"href":"https:\/\/edulead.net\/orgpaed2023\/wp-json\/wp\/v2\/comments?post=3410"}],"version-history":[{"count":36,"href":"https:\/\/edulead.net\/orgpaed2023\/wp-json\/wp\/v2\/pages\/3410\/revisions"}],"predecessor-version":[{"id":3495,"href":"https:\/\/edulead.net\/orgpaed2023\/wp-json\/wp\/v2\/pages\/3410\/revisions\/3495"}],"wp:attachment":[{"href":"https:\/\/edulead.net\/orgpaed2023\/wp-json\/wp\/v2\/media?parent=3410"}],"curies":[{"name":"wp","href":"https:\/\/api.w.org\/{rel}","templated":true}]}}