{"id":2600,"date":"2022-10-18T22:07:49","date_gmt":"2022-10-18T20:07:49","guid":{"rendered":"https:\/\/edulead.net\/orgpaed2023\/?page_id=2600"},"modified":"2023-02-15T17:26:57","modified_gmt":"2023-02-15T16:26:57","slug":"hauptkonferenz","status":"publish","type":"page","link":"https:\/\/edulead.net\/orgpaed2023\/hauptkonferenz\/","title":{"rendered":"Hauptkonferenz"},"content":{"rendered":"\t\t<div data-elementor-type=\"wp-page\" data-elementor-id=\"2600\" data-post-id=\"2600\" data-obj-id=\"2600\" class=\"elementor elementor-2600 dce-elementor-post-2600\" data-elementor-post-type=\"page\">\n\t\t\t\t\t\t<section class=\"elementor-section elementor-top-section elementor-element elementor-element-c71ab39 elementor-section-boxed elementor-section-height-default elementor-section-height-default\" data-id=\"c71ab39\" data-element_type=\"section\" data-e-type=\"section\">\n\t\t\t\t\t\t<div class=\"elementor-container elementor-column-gap-default\">\n\t\t\t\t\t<div class=\"elementor-column elementor-col-100 elementor-top-column elementor-element elementor-element-54193e2\" data-id=\"54193e2\" data-element_type=\"column\" data-e-type=\"column\">\n\t\t\t<div class=\"elementor-widget-wrap elementor-element-populated\">\n\t\t\t\t\t\t<div class=\"elementor-element elementor-element-989161e elementor-widget elementor-widget-heading\" data-id=\"989161e\" data-element_type=\"widget\" data-e-type=\"widget\" data-widget_type=\"heading.default\">\n\t\t\t\t<div class=\"elementor-widget-container\">\n\t\t\t\t\t<h2 class=\"elementor-heading-title elementor-size-default\">Programm<\/h2>\t\t\t\t<\/div>\n\t\t\t\t<\/div>\n\t\t\t\t\t<\/div>\n\t\t<\/div>\n\t\t\t\t\t<\/div>\n\t\t<\/section>\n\t\t\t\t<section class=\"elementor-section elementor-top-section elementor-element elementor-element-259e6ee elementor-section-boxed elementor-section-height-default elementor-section-height-default\" data-id=\"259e6ee\" data-element_type=\"section\" data-e-type=\"section\">\n\t\t\t\t\t\t<div class=\"elementor-container elementor-column-gap-default\">\n\t\t\t\t\t<div class=\"elementor-column elementor-col-100 elementor-top-column elementor-element elementor-element-780b634\" data-id=\"780b634\" data-element_type=\"column\" data-e-type=\"column\">\n\t\t\t<div class=\"elementor-widget-wrap elementor-element-populated\">\n\t\t\t\t\t\t<div class=\"elementor-element elementor-element-d27597c elementor-widget elementor-widget-text-editor\" data-id=\"d27597c\" data-element_type=\"widget\" data-e-type=\"widget\" data-widget_type=\"text-editor.default\">\n\t\t\t\t<div class=\"elementor-widget-container\">\n\t\t\t\t\t\t\t\t\t<h4><a href=\"https:\/\/edulead.net\/orgpaed2023\/wp-content\/uploads\/sites\/10\/2023\/02\/DGfE-Orgapad-Tagung2023-Programm-23-02-15-2.pdf\" target=\"_blank\" rel=\"noopener\">Das Programm der Hauptkonferenz zum Download finden Sie hier.<\/a><\/h4><h4><a href=\"https:\/\/edulead.net\/orgpaed2023\/wp-content\/uploads\/sites\/10\/2023\/02\/DGfE-Orgapad-Tagung2023-Abstracts-23-02-14.pdf\" target=\"_blank\" rel=\"noopener\">Den Abstractband der Hauptkonferenz zum Download finden Sie hier.<\/a><\/h4><p>Programm und Abstractband werden laufend aktualisiert.<\/p>\t\t\t\t\t\t\t\t<\/div>\n\t\t\t\t<\/div>\n\t\t\t\t\t<\/div>\n\t\t<\/div>\n\t\t\t\t\t<\/div>\n\t\t<\/section>\n\t\t\t\t<section class=\"elementor-section elementor-top-section elementor-element elementor-element-f004877 elementor-section-boxed elementor-section-height-default elementor-section-height-default\" data-id=\"f004877\" data-element_type=\"section\" data-e-type=\"section\">\n\t\t\t\t\t\t<div class=\"elementor-container elementor-column-gap-default\">\n\t\t\t\t\t<div class=\"elementor-column elementor-col-100 elementor-top-column elementor-element elementor-element-4e1264f\" data-id=\"4e1264f\" data-element_type=\"column\" data-e-type=\"column\">\n\t\t\t<div class=\"elementor-widget-wrap elementor-element-populated\">\n\t\t\t\t\t\t<div class=\"elementor-element elementor-element-208a45f elementor-widget elementor-widget-heading\" data-id=\"208a45f\" data-element_type=\"widget\" data-e-type=\"widget\" data-widget_type=\"heading.default\">\n\t\t\t\t<div class=\"elementor-widget-container\">\n\t\t\t\t\t<h2 class=\"elementor-heading-title elementor-size-default\">Organisatorische Hinweis f\u00fcr Referierende\n<\/h2>\t\t\t\t<\/div>\n\t\t\t\t<\/div>\n\t\t\t\t\t<\/div>\n\t\t<\/div>\n\t\t\t\t\t<\/div>\n\t\t<\/section>\n\t\t\t\t<section class=\"elementor-section elementor-top-section elementor-element elementor-element-ab65cbb elementor-section-boxed elementor-section-height-default elementor-section-height-default\" data-id=\"ab65cbb\" data-element_type=\"section\" data-e-type=\"section\">\n\t\t\t\t\t\t<div class=\"elementor-container elementor-column-gap-default\">\n\t\t\t\t\t<div class=\"elementor-column elementor-col-100 elementor-top-column elementor-element elementor-element-40dba29\" data-id=\"40dba29\" data-element_type=\"column\" data-e-type=\"column\">\n\t\t\t<div class=\"elementor-widget-wrap elementor-element-populated\">\n\t\t\t\t\t\t<div class=\"elementor-element elementor-element-e66f079 elementor-widget elementor-widget-text-editor\" data-id=\"e66f079\" data-element_type=\"widget\" data-e-type=\"widget\" data-widget_type=\"text-editor.default\">\n\t\t\t\t<div class=\"elementor-widget-container\">\n\t\t\t\t\t\t\t\t\t<p>Jedes Forum im Parallelprogramm wird moderiert und zus\u00e4tzlich durch eine technische Assistenz begleitet. In jedem Raum steht ein Laptop zur Verf\u00fcgung, \u00fcber den Ihre Pr\u00e4sentation abgespielt werden kann.<\/p><p>Bitte bringen Sie Ihre Pr\u00e4sentation auf einem Stick mit. Gern k\u00f6nnen Sie aber auch Ihren eigenen Laptop nutzen.<\/p><p>Bitte seien Sie rechtzeitig mindestens 5 Minuten vor Start Ihres Forums im Raum, damit Ihre Pr\u00e4sentation vor dem Start des Forums eingerichtet werden kann und etwaige technische Probleme rechtzeitig behoben werden k\u00f6nnen.<\/p>\t\t\t\t\t\t\t\t<\/div>\n\t\t\t\t<\/div>\n\t\t\t\t\t<\/div>\n\t\t<\/div>\n\t\t\t\t\t<\/div>\n\t\t<\/section>\n\t\t\t\t<section class=\"elementor-section elementor-top-section elementor-element elementor-element-bb1e349 elementor-section-boxed elementor-section-height-default elementor-section-height-default\" data-id=\"bb1e349\" data-element_type=\"section\" data-e-type=\"section\">\n\t\t\t\t\t\t<div class=\"elementor-container elementor-column-gap-default\">\n\t\t\t\t\t<div class=\"elementor-column elementor-col-100 elementor-top-column elementor-element elementor-element-b0f9704\" data-id=\"b0f9704\" data-element_type=\"column\" data-e-type=\"column\">\n\t\t\t<div class=\"elementor-widget-wrap elementor-element-populated\">\n\t\t\t\t\t\t<div class=\"elementor-element elementor-element-67cae33 elementor-widget elementor-widget-heading\" data-id=\"67cae33\" data-element_type=\"widget\" data-e-type=\"widget\" data-widget_type=\"heading.default\">\n\t\t\t\t<div class=\"elementor-widget-container\">\n\t\t\t\t\t<h2 class=\"elementor-heading-title elementor-size-default\">Keynotes<\/h2>\t\t\t\t<\/div>\n\t\t\t\t<\/div>\n\t\t\t\t\t<\/div>\n\t\t<\/div>\n\t\t\t\t\t<\/div>\n\t\t<\/section>\n\t\t\t\t<section class=\"elementor-section elementor-top-section elementor-element elementor-element-38c80a0 elementor-section-boxed elementor-section-height-default elementor-section-height-default\" data-id=\"38c80a0\" data-element_type=\"section\" data-e-type=\"section\">\n\t\t\t\t\t\t<div class=\"elementor-container elementor-column-gap-default\">\n\t\t\t\t\t<div class=\"elementor-column elementor-col-50 elementor-top-column elementor-element elementor-element-d80857c\" data-id=\"d80857c\" data-element_type=\"column\" data-e-type=\"column\">\n\t\t\t<div class=\"elementor-widget-wrap elementor-element-populated\">\n\t\t\t\t\t\t<div class=\"elementor-element elementor-element-50101ff dce_masking-clippath elementor-widget elementor-widget-image\" data-id=\"50101ff\" data-element_type=\"widget\" data-e-type=\"widget\" data-widget_type=\"image.default\">\n\t\t\t\t<div class=\"elementor-widget-container\">\n\t\t\t\t\t\t\t\t\t\t\t\t\t\t\t<img fetchpriority=\"high\" decoding=\"async\" width=\"300\" height=\"271\" src=\"https:\/\/edulead.net\/orgpaed2023\/wp-content\/uploads\/sites\/10\/2022\/12\/Ellen-Goldring-Photo-300x271.jpg\" class=\"attachment-medium size-medium wp-image-2724\" alt=\"\" srcset=\"https:\/\/edulead.net\/orgpaed2023\/wp-content\/uploads\/sites\/10\/2022\/12\/Ellen-Goldring-Photo-300x271.jpg 300w, https:\/\/edulead.net\/orgpaed2023\/wp-content\/uploads\/sites\/10\/2022\/12\/Ellen-Goldring-Photo.jpg 430w\" sizes=\"(max-width: 300px) 100vw, 300px\" \/>\t\t\t\t\t\t\t\t\t\t\t\t\t\t\t<\/div>\n\t\t\t\t<\/div>\n\t\t\t\t\t<\/div>\n\t\t<\/div>\n\t\t\t\t<div class=\"elementor-column elementor-col-50 elementor-top-column elementor-element elementor-element-b814509\" data-id=\"b814509\" data-element_type=\"column\" data-e-type=\"column\">\n\t\t\t<div class=\"elementor-widget-wrap elementor-element-populated\">\n\t\t\t\t\t\t<div class=\"elementor-element elementor-element-bed5f94 elementor-widget elementor-widget-text-editor\" data-id=\"bed5f94\" data-element_type=\"widget\" data-e-type=\"widget\" data-widget_type=\"text-editor.default\">\n\t\t\t\t<div class=\"elementor-widget-container\">\n\t\t\t\t\t\t\t\t\t<p class=\"Default\"><strong>Are Schools Innovative? Understanding Innovation in Context and the Case of Charter Schools in the United States<\/strong><\/p><p class=\"Default\"><strong>Prof. Dr. Ellen Goldring<\/strong> is Patricia and Rodes Hart Chair, Professor of Education and Leadership in the Department of Leadership, Policy and Organizations, Peabody College, Vanderbilt University, USA. Her research interests focus on the intersection of education policy and school improvement with particular emphases on education leadership. A fellow of the American Educational Research Association and Past Vice-President of AERA&#8217;s Division L-Policy and Politics, her research examines leadership practice, and the implementation and effects of interventions such as professional development, coaching, and performance feedback. She is the recipient of the Roald F. Campbell Lifetime Achievement Award from the University Council of Educational Administration. She is the editor in chief of the <em>American Educational Research Journal.<\/em><\/p><p><a href=\"https:\/\/peabody.vanderbilt.edu\/bio\/ellen-goldring\" target=\"_blank\" rel=\"noopener\">Mehr Informationen<\/a><\/p>\t\t\t\t\t\t\t\t<\/div>\n\t\t\t\t<\/div>\n\t\t\t\t\t<\/div>\n\t\t<\/div>\n\t\t\t\t\t<\/div>\n\t\t<\/section>\n\t\t\t\t<section class=\"elementor-section elementor-top-section elementor-element elementor-element-c0a0f51 elementor-section-boxed elementor-section-height-default elementor-section-height-default\" data-id=\"c0a0f51\" data-element_type=\"section\" data-e-type=\"section\">\n\t\t\t\t\t\t<div class=\"elementor-container elementor-column-gap-default\">\n\t\t\t\t\t<div class=\"elementor-column elementor-col-50 elementor-top-column elementor-element elementor-element-d0fcbb6\" data-id=\"d0fcbb6\" data-element_type=\"column\" data-e-type=\"column\">\n\t\t\t<div class=\"elementor-widget-wrap elementor-element-populated\">\n\t\t\t\t\t\t<div class=\"elementor-element elementor-element-56569d7 dce_masking-none elementor-widget elementor-widget-image\" data-id=\"56569d7\" data-element_type=\"widget\" data-e-type=\"widget\" data-widget_type=\"image.default\">\n\t\t\t\t<div class=\"elementor-widget-container\">\n\t\t\t\t\t\t\t\t\t\t\t\t\t\t\t<img decoding=\"async\" width=\"300\" height=\"300\" src=\"https:\/\/edulead.net\/orgpaed2023\/wp-content\/uploads\/sites\/10\/2022\/12\/csm_Meyer_Michael_NPO-Tag_d120d0579c-300x300.jpg\" class=\"attachment-medium size-medium wp-image-2722\" alt=\"\" srcset=\"https:\/\/edulead.net\/orgpaed2023\/wp-content\/uploads\/sites\/10\/2022\/12\/csm_Meyer_Michael_NPO-Tag_d120d0579c-300x300.jpg 300w, https:\/\/edulead.net\/orgpaed2023\/wp-content\/uploads\/sites\/10\/2022\/12\/csm_Meyer_Michael_NPO-Tag_d120d0579c-1024x1024.jpg 1024w, https:\/\/edulead.net\/orgpaed2023\/wp-content\/uploads\/sites\/10\/2022\/12\/csm_Meyer_Michael_NPO-Tag_d120d0579c-150x150.jpg 150w, https:\/\/edulead.net\/orgpaed2023\/wp-content\/uploads\/sites\/10\/2022\/12\/csm_Meyer_Michael_NPO-Tag_d120d0579c-768x768.jpg 768w, https:\/\/edulead.net\/orgpaed2023\/wp-content\/uploads\/sites\/10\/2022\/12\/csm_Meyer_Michael_NPO-Tag_d120d0579c.jpg 1200w\" sizes=\"(max-width: 300px) 100vw, 300px\" \/>\t\t\t\t\t\t\t\t\t\t\t\t\t\t\t<\/div>\n\t\t\t\t<\/div>\n\t\t\t\t\t<\/div>\n\t\t<\/div>\n\t\t\t\t<div class=\"elementor-column elementor-col-50 elementor-top-column elementor-element elementor-element-3893513\" data-id=\"3893513\" data-element_type=\"column\" data-e-type=\"column\">\n\t\t\t<div class=\"elementor-widget-wrap elementor-element-populated\">\n\t\t\t\t\t\t<div class=\"elementor-element elementor-element-3038cfd elementor-widget elementor-widget-text-editor\" data-id=\"3038cfd\" data-element_type=\"widget\" data-e-type=\"widget\" data-widget_type=\"text-editor.default\">\n\t\t\t\t<div class=\"elementor-widget-container\">\n\t\t\t\t\t\t\t\t\t<p><strong>Organisation und Innovation \u2013 ein Widerspruch? <br \/>Ein paar Paradoxien zur Innovationsf\u00e4higkeit von Organisationen<\/strong><\/p><p><strong>Univ.Prof. Dr. Michael Meyer <\/strong>ist Professor f\u00fcr Betriebswirtschaftslehre an der WU Wien. Er leitet dort das Department Management, das Institut f\u00fcr Nonprofit-Management und das Kompetenzzentrum f\u00fcr Social Entrepreneurship und NPOs. Sein Arbeitsschwerpunkte sind in den Bereichen Nonprofit Governance, urbane Zivilgesellschaft, Professionalisierung und Managerialisierung von NPOs sowie ganz allgemein in Organisationstheorie und Organizational Behaviour.\u00a0<\/p><p><a href=\"https:\/\/www.wu.ac.at\/npo\/team\/mm\/\" target=\"_blank\" rel=\"noopener\">Mehr Informationen<\/a><\/p>\t\t\t\t\t\t\t\t<\/div>\n\t\t\t\t<\/div>\n\t\t\t\t\t<\/div>\n\t\t<\/div>\n\t\t\t\t\t<\/div>\n\t\t<\/section>\n\t\t\t\t<\/div>\n\t\t","protected":false},"excerpt":{"rendered":"<p>Programm Das Programm der Hauptkonferenz zum Download finden Sie hier. Den Abstractband der Hauptkonferenz zum Download finden Sie hier. Programm und Abstractband werden laufend aktualisiert. Organisatorische Hinweis f\u00fcr Referierende Jedes Forum im Parallelprogramm wird moderiert und zus\u00e4tzlich durch eine technische Assistenz begleitet. In jedem Raum steht ein Laptop zur Verf\u00fcgung, \u00fcber den Ihre Pr\u00e4sentation abgespielt [&hellip;]<\/p>\n","protected":false},"author":1,"featured_media":0,"parent":0,"menu_order":0,"comment_status":"closed","ping_status":"closed","template":"","meta":{"footnotes":""},"class_list":["post-2600","page","type-page","status-publish","hentry"],"yoast_head":"<!-- This site is optimized with the Yoast SEO plugin v27.1.1 - https:\/\/yoast.com\/product\/yoast-seo-wordpress\/ -->\n<title>Hauptkonferenz - Orgpaed2023<\/title>\n<meta name=\"robots\" content=\"index, follow, max-snippet:-1, max-image-preview:large, max-video-preview:-1\" \/>\n<link rel=\"canonical\" href=\"https:\/\/edulead.net\/orgpaed2023\/hauptkonferenz\/\" \/>\n<meta property=\"og:locale\" content=\"de_DE\" \/>\n<meta property=\"og:type\" content=\"article\" \/>\n<meta property=\"og:title\" content=\"Hauptkonferenz - Orgpaed2023\" \/>\n<meta property=\"og:description\" content=\"Programm Das Programm der Hauptkonferenz zum Download finden Sie hier. Den Abstractband der Hauptkonferenz zum Download finden Sie hier. Programm und Abstractband werden laufend aktualisiert. Organisatorische Hinweis f\u00fcr Referierende Jedes Forum im Parallelprogramm wird moderiert und zus\u00e4tzlich durch eine technische Assistenz begleitet. In jedem Raum steht ein Laptop zur Verf\u00fcgung, \u00fcber den Ihre Pr\u00e4sentation abgespielt [&hellip;]\" \/>\n<meta property=\"og:url\" content=\"https:\/\/edulead.net\/orgpaed2023\/hauptkonferenz\/\" \/>\n<meta property=\"og:site_name\" content=\"Orgpaed2023\" \/>\n<meta property=\"article:modified_time\" content=\"2023-02-15T16:26:57+00:00\" \/>\n<meta property=\"og:image\" content=\"https:\/\/edulead.net\/orgpaed2023\/wp-content\/uploads\/sites\/10\/2022\/12\/Ellen-Goldring-Photo-300x271.jpg\" \/>\n<meta name=\"twitter:card\" content=\"summary_large_image\" \/>\n<script type=\"application\/ld+json\" class=\"yoast-schema-graph\">{\"@context\":\"https:\/\/schema.org\",\"@graph\":[{\"@type\":\"WebPage\",\"@id\":\"https:\/\/edulead.net\/orgpaed2023\/hauptkonferenz\/\",\"url\":\"https:\/\/edulead.net\/orgpaed2023\/hauptkonferenz\/\",\"name\":\"Hauptkonferenz - Orgpaed2023\",\"isPartOf\":{\"@id\":\"https:\/\/edulead.net\/orgpaed2023\/#website\"},\"primaryImageOfPage\":{\"@id\":\"https:\/\/edulead.net\/orgpaed2023\/hauptkonferenz\/#primaryimage\"},\"image\":{\"@id\":\"https:\/\/edulead.net\/orgpaed2023\/hauptkonferenz\/#primaryimage\"},\"thumbnailUrl\":\"https:\/\/edulead.net\/orgpaed2023\/wp-content\/uploads\/sites\/10\/2022\/12\/Ellen-Goldring-Photo-300x271.jpg\",\"datePublished\":\"2022-10-18T20:07:49+00:00\",\"dateModified\":\"2023-02-15T16:26:57+00:00\",\"breadcrumb\":{\"@id\":\"https:\/\/edulead.net\/orgpaed2023\/hauptkonferenz\/#breadcrumb\"},\"inLanguage\":\"de\",\"potentialAction\":[{\"@type\":\"ReadAction\",\"target\":[\"https:\/\/edulead.net\/orgpaed2023\/hauptkonferenz\/\"]}]},{\"@type\":\"ImageObject\",\"inLanguage\":\"de\",\"@id\":\"https:\/\/edulead.net\/orgpaed2023\/hauptkonferenz\/#primaryimage\",\"url\":\"https:\/\/edulead.net\/orgpaed2023\/wp-content\/uploads\/sites\/10\/2022\/12\/Ellen-Goldring-Photo.jpg\",\"contentUrl\":\"https:\/\/edulead.net\/orgpaed2023\/wp-content\/uploads\/sites\/10\/2022\/12\/Ellen-Goldring-Photo.jpg\",\"width\":430,\"height\":388},{\"@type\":\"BreadcrumbList\",\"@id\":\"https:\/\/edulead.net\/orgpaed2023\/hauptkonferenz\/#breadcrumb\",\"itemListElement\":[{\"@type\":\"ListItem\",\"position\":1,\"name\":\"Startseite\",\"item\":\"https:\/\/edulead.net\/orgpaed2023\/\"},{\"@type\":\"ListItem\",\"position\":2,\"name\":\"Hauptkonferenz\"}]},{\"@type\":\"WebSite\",\"@id\":\"https:\/\/edulead.net\/orgpaed2023\/#website\",\"url\":\"https:\/\/edulead.net\/orgpaed2023\/\",\"name\":\"Orgpaed2023\",\"description\":\"\",\"potentialAction\":[{\"@type\":\"SearchAction\",\"target\":{\"@type\":\"EntryPoint\",\"urlTemplate\":\"https:\/\/edulead.net\/orgpaed2023\/?s={search_term_string}\"},\"query-input\":{\"@type\":\"PropertyValueSpecification\",\"valueRequired\":true,\"valueName\":\"search_term_string\"}}],\"inLanguage\":\"de\"}]}<\/script>\n<!-- \/ Yoast SEO plugin. -->","yoast_head_json":{"title":"Hauptkonferenz - Orgpaed2023","robots":{"index":"index","follow":"follow","max-snippet":"max-snippet:-1","max-image-preview":"max-image-preview:large","max-video-preview":"max-video-preview:-1"},"canonical":"https:\/\/edulead.net\/orgpaed2023\/hauptkonferenz\/","og_locale":"de_DE","og_type":"article","og_title":"Hauptkonferenz - Orgpaed2023","og_description":"Programm Das Programm der Hauptkonferenz zum Download finden Sie hier. Den Abstractband der Hauptkonferenz zum Download finden Sie hier. Programm und Abstractband werden laufend aktualisiert. Organisatorische Hinweis f\u00fcr Referierende Jedes Forum im Parallelprogramm wird moderiert und zus\u00e4tzlich durch eine technische Assistenz begleitet. In jedem Raum steht ein Laptop zur Verf\u00fcgung, \u00fcber den Ihre Pr\u00e4sentation abgespielt [&hellip;]","og_url":"https:\/\/edulead.net\/orgpaed2023\/hauptkonferenz\/","og_site_name":"Orgpaed2023","article_modified_time":"2023-02-15T16:26:57+00:00","og_image":[{"url":"https:\/\/edulead.net\/orgpaed2023\/wp-content\/uploads\/sites\/10\/2022\/12\/Ellen-Goldring-Photo-300x271.jpg","type":"","width":"","height":""}],"twitter_card":"summary_large_image","schema":{"@context":"https:\/\/schema.org","@graph":[{"@type":"WebPage","@id":"https:\/\/edulead.net\/orgpaed2023\/hauptkonferenz\/","url":"https:\/\/edulead.net\/orgpaed2023\/hauptkonferenz\/","name":"Hauptkonferenz - Orgpaed2023","isPartOf":{"@id":"https:\/\/edulead.net\/orgpaed2023\/#website"},"primaryImageOfPage":{"@id":"https:\/\/edulead.net\/orgpaed2023\/hauptkonferenz\/#primaryimage"},"image":{"@id":"https:\/\/edulead.net\/orgpaed2023\/hauptkonferenz\/#primaryimage"},"thumbnailUrl":"https:\/\/edulead.net\/orgpaed2023\/wp-content\/uploads\/sites\/10\/2022\/12\/Ellen-Goldring-Photo-300x271.jpg","datePublished":"2022-10-18T20:07:49+00:00","dateModified":"2023-02-15T16:26:57+00:00","breadcrumb":{"@id":"https:\/\/edulead.net\/orgpaed2023\/hauptkonferenz\/#breadcrumb"},"inLanguage":"de","potentialAction":[{"@type":"ReadAction","target":["https:\/\/edulead.net\/orgpaed2023\/hauptkonferenz\/"]}]},{"@type":"ImageObject","inLanguage":"de","@id":"https:\/\/edulead.net\/orgpaed2023\/hauptkonferenz\/#primaryimage","url":"https:\/\/edulead.net\/orgpaed2023\/wp-content\/uploads\/sites\/10\/2022\/12\/Ellen-Goldring-Photo.jpg","contentUrl":"https:\/\/edulead.net\/orgpaed2023\/wp-content\/uploads\/sites\/10\/2022\/12\/Ellen-Goldring-Photo.jpg","width":430,"height":388},{"@type":"BreadcrumbList","@id":"https:\/\/edulead.net\/orgpaed2023\/hauptkonferenz\/#breadcrumb","itemListElement":[{"@type":"ListItem","position":1,"name":"Startseite","item":"https:\/\/edulead.net\/orgpaed2023\/"},{"@type":"ListItem","position":2,"name":"Hauptkonferenz"}]},{"@type":"WebSite","@id":"https:\/\/edulead.net\/orgpaed2023\/#website","url":"https:\/\/edulead.net\/orgpaed2023\/","name":"Orgpaed2023","description":"","potentialAction":[{"@type":"SearchAction","target":{"@type":"EntryPoint","urlTemplate":"https:\/\/edulead.net\/orgpaed2023\/?s={search_term_string}"},"query-input":{"@type":"PropertyValueSpecification","valueRequired":true,"valueName":"search_term_string"}}],"inLanguage":"de"}]}},"_links":{"self":[{"href":"https:\/\/edulead.net\/orgpaed2023\/wp-json\/wp\/v2\/pages\/2600","targetHints":{"allow":["GET"]}}],"collection":[{"href":"https:\/\/edulead.net\/orgpaed2023\/wp-json\/wp\/v2\/pages"}],"about":[{"href":"https:\/\/edulead.net\/orgpaed2023\/wp-json\/wp\/v2\/types\/page"}],"author":[{"embeddable":true,"href":"https:\/\/edulead.net\/orgpaed2023\/wp-json\/wp\/v2\/users\/1"}],"replies":[{"embeddable":true,"href":"https:\/\/edulead.net\/orgpaed2023\/wp-json\/wp\/v2\/comments?post=2600"}],"version-history":[{"count":150,"href":"https:\/\/edulead.net\/orgpaed2023\/wp-json\/wp\/v2\/pages\/2600\/revisions"}],"predecessor-version":[{"id":3148,"href":"https:\/\/edulead.net\/orgpaed2023\/wp-json\/wp\/v2\/pages\/2600\/revisions\/3148"}],"wp:attachment":[{"href":"https:\/\/edulead.net\/orgpaed2023\/wp-json\/wp\/v2\/media?parent=2600"}],"curies":[{"name":"wp","href":"https:\/\/api.w.org\/{rel}","templated":true}]}}