{"id":2033,"date":"2022-10-13T08:47:05","date_gmt":"2022-10-13T06:47:05","guid":{"rendered":"https:\/\/edulead.net\/orgpaed2023\/?page_id=2033"},"modified":"2022-10-13T10:43:38","modified_gmt":"2022-10-13T08:43:38","slug":"foerdermoeglichkeiten","status":"publish","type":"page","link":"https:\/\/edulead.net\/orgpaed2023\/foerdermoeglichkeiten\/","title":{"rendered":"F\u00f6rderm\u00f6glichkeiten"},"content":{"rendered":"\t\t<div data-elementor-type=\"wp-page\" data-elementor-id=\"2033\" data-post-id=\"2033\" data-obj-id=\"2033\" class=\"elementor elementor-2033 dce-elementor-post-2033\" data-elementor-post-type=\"page\">\n\t\t\t\t\t\t<section class=\"elementor-section elementor-top-section elementor-element elementor-element-19f0cf0 elementor-section-boxed elementor-section-height-default elementor-section-height-default\" data-id=\"19f0cf0\" data-element_type=\"section\" data-e-type=\"section\">\n\t\t\t\t\t\t<div class=\"elementor-container elementor-column-gap-default\">\n\t\t\t\t\t<div class=\"elementor-column elementor-col-100 elementor-top-column elementor-element elementor-element-9a2c62a\" data-id=\"9a2c62a\" data-element_type=\"column\" data-e-type=\"column\">\n\t\t\t<div class=\"elementor-widget-wrap elementor-element-populated\">\n\t\t\t\t\t\t<div class=\"elementor-element elementor-element-958e648 elementor-widget elementor-widget-text-editor\" data-id=\"958e648\" data-element_type=\"widget\" data-e-type=\"widget\" data-widget_type=\"text-editor.default\">\n\t\t\t\t<div class=\"elementor-widget-container\">\n\t\t\t\t\t\t\t\t\t<p>Der Sektionsvorstand richtet f\u00fcr die Jahrestagung 2023 einen Solifond ein, durch den die Teilnahme von Wissenschaftler*innen in der Qualifikationsphase gef\u00f6rdert werden kann.<\/p><p>Gef\u00f6rdert werden k\u00f6nnen Tagungsgeb\u00fchren, \u00dcbernachtungs- und Reisekosten. Ein Anspruch auf eine vollst\u00e4ndige Erstattung besteht nicht.<\/p><p>Antragsberechtigt sind:<\/p><ul><li>Wissenschaftler*innen in der Qualifikationsphase (Praedoc und Postdoc), die (assoziierte) Mitglieder Sektion sind,<\/li><li>an keiner Universit\u00e4t, Hochschule oder anderen Forschungseinrichtung besch\u00e4ftigt sind und durch keine Stipendienprogramme F\u00f6rderm\u00f6glichkeiten erhalten und<\/li><li>einen maximalen Besch\u00e4ftigungsumfang von 65% haben.<\/li><\/ul><p>Antr\u00e4ge k\u00f6nnen bis zum 01.12.2022 an folgende Email-Adresse <a href=\"mailto:solifonds@organisationspaedagogik.net\" target=\"_blank\" rel=\"noopener\">solifonds@organisationspaedagogik.net<\/a> mit den folgenden Angaben gestellt werden:<\/p><ul><li>Erl\u00e4uterung, dass die o.g. Kriterien zur Antragsberechtigung erf\u00fcllt sind,<\/li><li>Kostenvoranschlag f\u00fcr die entstehenden Kosten<\/li><\/ul><p>Die Zusage und eine Mitteilung \u00fcber die H\u00f6he der F\u00f6rderung erfolgt zeitnah nach der Deadline der Antragstellung.<\/p><p>Auszahlungen von bewilligten Geldern erfolgen nur bei vollst\u00e4ndiger Vorlage der Belege. Hierf\u00fcr steht ein entsprechendes <a href=\"https:\/\/edulead.net\/orgpaed2023\/wp-content\/uploads\/sites\/10\/2022\/10\/Reisekostenformular.docx\" target=\"_blank\" rel=\"noopener\">Formular<\/a> zur Verf\u00fcgung.<\/p><p><strong>Wir freuen uns auf eine rege Teilnahme von Wissenschaftler*innen in der Qualifikationsphase!<\/strong><\/p><p>Der Vorstand der Sektion Organisationsp\u00e4dagogik<br \/>Andreas Schr\u00f6er, Nicolas Engel, Claudia Fahrenwald, Christian Schr\u00f6der und Inga Truschkat<\/p>\t\t\t\t\t\t\t\t<\/div>\n\t\t\t\t<\/div>\n\t\t\t\t\t<\/div>\n\t\t<\/div>\n\t\t\t\t\t<\/div>\n\t\t<\/section>\n\t\t\t\t<\/div>\n\t\t","protected":false},"excerpt":{"rendered":"<p>Der Sektionsvorstand richtet f\u00fcr die Jahrestagung 2023 einen Solifond ein, durch den die Teilnahme von Wissenschaftler*innen in der Qualifikationsphase gef\u00f6rdert werden kann. Gef\u00f6rdert werden k\u00f6nnen Tagungsgeb\u00fchren, \u00dcbernachtungs- und Reisekosten. Ein Anspruch auf eine vollst\u00e4ndige Erstattung besteht nicht. Antragsberechtigt sind: Wissenschaftler*innen in der Qualifikationsphase (Praedoc und Postdoc), die (assoziierte) Mitglieder Sektion sind, an keiner Universit\u00e4t, Hochschule [&hellip;]<\/p>\n","protected":false},"author":3,"featured_media":0,"parent":0,"menu_order":0,"comment_status":"closed","ping_status":"closed","template":"","meta":{"footnotes":""},"class_list":["post-2033","page","type-page","status-publish","hentry"],"yoast_head":"<!-- This site is optimized with the Yoast SEO plugin v27.1.1 - https:\/\/yoast.com\/product\/yoast-seo-wordpress\/ -->\n<title>F\u00f6rderm\u00f6glichkeiten - Orgpaed2023<\/title>\n<meta name=\"robots\" content=\"index, follow, max-snippet:-1, max-image-preview:large, max-video-preview:-1\" \/>\n<link rel=\"canonical\" href=\"https:\/\/edulead.net\/orgpaed2023\/foerdermoeglichkeiten\/\" \/>\n<meta property=\"og:locale\" content=\"de_DE\" \/>\n<meta property=\"og:type\" content=\"article\" \/>\n<meta property=\"og:title\" content=\"F\u00f6rderm\u00f6glichkeiten - Orgpaed2023\" \/>\n<meta property=\"og:description\" content=\"Der Sektionsvorstand richtet f\u00fcr die Jahrestagung 2023 einen Solifond ein, durch den die Teilnahme von Wissenschaftler*innen in der Qualifikationsphase gef\u00f6rdert werden kann. Gef\u00f6rdert werden k\u00f6nnen Tagungsgeb\u00fchren, \u00dcbernachtungs- und Reisekosten. Ein Anspruch auf eine vollst\u00e4ndige Erstattung besteht nicht. Antragsberechtigt sind: Wissenschaftler*innen in der Qualifikationsphase (Praedoc und Postdoc), die (assoziierte) Mitglieder Sektion sind, an keiner Universit\u00e4t, Hochschule [&hellip;]\" \/>\n<meta property=\"og:url\" content=\"https:\/\/edulead.net\/orgpaed2023\/foerdermoeglichkeiten\/\" \/>\n<meta property=\"og:site_name\" content=\"Orgpaed2023\" \/>\n<meta property=\"article:modified_time\" content=\"2022-10-13T08:43:38+00:00\" \/>\n<meta name=\"twitter:card\" content=\"summary_large_image\" \/>\n<meta name=\"twitter:label1\" content=\"Gesch\u00e4tzte Lesezeit\" \/>\n\t<meta name=\"twitter:data1\" content=\"1\u00a0Minute\" \/>\n<script type=\"application\/ld+json\" class=\"yoast-schema-graph\">{\"@context\":\"https:\/\/schema.org\",\"@graph\":[{\"@type\":\"WebPage\",\"@id\":\"https:\/\/edulead.net\/orgpaed2023\/foerdermoeglichkeiten\/\",\"url\":\"https:\/\/edulead.net\/orgpaed2023\/foerdermoeglichkeiten\/\",\"name\":\"F\u00f6rderm\u00f6glichkeiten - Orgpaed2023\",\"isPartOf\":{\"@id\":\"https:\/\/edulead.net\/orgpaed2023\/#website\"},\"datePublished\":\"2022-10-13T06:47:05+00:00\",\"dateModified\":\"2022-10-13T08:43:38+00:00\",\"breadcrumb\":{\"@id\":\"https:\/\/edulead.net\/orgpaed2023\/foerdermoeglichkeiten\/#breadcrumb\"},\"inLanguage\":\"de\",\"potentialAction\":[{\"@type\":\"ReadAction\",\"target\":[\"https:\/\/edulead.net\/orgpaed2023\/foerdermoeglichkeiten\/\"]}]},{\"@type\":\"BreadcrumbList\",\"@id\":\"https:\/\/edulead.net\/orgpaed2023\/foerdermoeglichkeiten\/#breadcrumb\",\"itemListElement\":[{\"@type\":\"ListItem\",\"position\":1,\"name\":\"Startseite\",\"item\":\"https:\/\/edulead.net\/orgpaed2023\/\"},{\"@type\":\"ListItem\",\"position\":2,\"name\":\"F\u00f6rderm\u00f6glichkeiten\"}]},{\"@type\":\"WebSite\",\"@id\":\"https:\/\/edulead.net\/orgpaed2023\/#website\",\"url\":\"https:\/\/edulead.net\/orgpaed2023\/\",\"name\":\"Orgpaed2023\",\"description\":\"\",\"potentialAction\":[{\"@type\":\"SearchAction\",\"target\":{\"@type\":\"EntryPoint\",\"urlTemplate\":\"https:\/\/edulead.net\/orgpaed2023\/?s={search_term_string}\"},\"query-input\":{\"@type\":\"PropertyValueSpecification\",\"valueRequired\":true,\"valueName\":\"search_term_string\"}}],\"inLanguage\":\"de\"}]}<\/script>\n<!-- \/ Yoast SEO plugin. -->","yoast_head_json":{"title":"F\u00f6rderm\u00f6glichkeiten - Orgpaed2023","robots":{"index":"index","follow":"follow","max-snippet":"max-snippet:-1","max-image-preview":"max-image-preview:large","max-video-preview":"max-video-preview:-1"},"canonical":"https:\/\/edulead.net\/orgpaed2023\/foerdermoeglichkeiten\/","og_locale":"de_DE","og_type":"article","og_title":"F\u00f6rderm\u00f6glichkeiten - Orgpaed2023","og_description":"Der Sektionsvorstand richtet f\u00fcr die Jahrestagung 2023 einen Solifond ein, durch den die Teilnahme von Wissenschaftler*innen in der Qualifikationsphase gef\u00f6rdert werden kann. Gef\u00f6rdert werden k\u00f6nnen Tagungsgeb\u00fchren, \u00dcbernachtungs- und Reisekosten. Ein Anspruch auf eine vollst\u00e4ndige Erstattung besteht nicht. Antragsberechtigt sind: Wissenschaftler*innen in der Qualifikationsphase (Praedoc und Postdoc), die (assoziierte) Mitglieder Sektion sind, an keiner Universit\u00e4t, Hochschule [&hellip;]","og_url":"https:\/\/edulead.net\/orgpaed2023\/foerdermoeglichkeiten\/","og_site_name":"Orgpaed2023","article_modified_time":"2022-10-13T08:43:38+00:00","twitter_card":"summary_large_image","twitter_misc":{"Gesch\u00e4tzte Lesezeit":"1\u00a0Minute"},"schema":{"@context":"https:\/\/schema.org","@graph":[{"@type":"WebPage","@id":"https:\/\/edulead.net\/orgpaed2023\/foerdermoeglichkeiten\/","url":"https:\/\/edulead.net\/orgpaed2023\/foerdermoeglichkeiten\/","name":"F\u00f6rderm\u00f6glichkeiten - Orgpaed2023","isPartOf":{"@id":"https:\/\/edulead.net\/orgpaed2023\/#website"},"datePublished":"2022-10-13T06:47:05+00:00","dateModified":"2022-10-13T08:43:38+00:00","breadcrumb":{"@id":"https:\/\/edulead.net\/orgpaed2023\/foerdermoeglichkeiten\/#breadcrumb"},"inLanguage":"de","potentialAction":[{"@type":"ReadAction","target":["https:\/\/edulead.net\/orgpaed2023\/foerdermoeglichkeiten\/"]}]},{"@type":"BreadcrumbList","@id":"https:\/\/edulead.net\/orgpaed2023\/foerdermoeglichkeiten\/#breadcrumb","itemListElement":[{"@type":"ListItem","position":1,"name":"Startseite","item":"https:\/\/edulead.net\/orgpaed2023\/"},{"@type":"ListItem","position":2,"name":"F\u00f6rderm\u00f6glichkeiten"}]},{"@type":"WebSite","@id":"https:\/\/edulead.net\/orgpaed2023\/#website","url":"https:\/\/edulead.net\/orgpaed2023\/","name":"Orgpaed2023","description":"","potentialAction":[{"@type":"SearchAction","target":{"@type":"EntryPoint","urlTemplate":"https:\/\/edulead.net\/orgpaed2023\/?s={search_term_string}"},"query-input":{"@type":"PropertyValueSpecification","valueRequired":true,"valueName":"search_term_string"}}],"inLanguage":"de"}]}},"_links":{"self":[{"href":"https:\/\/edulead.net\/orgpaed2023\/wp-json\/wp\/v2\/pages\/2033","targetHints":{"allow":["GET"]}}],"collection":[{"href":"https:\/\/edulead.net\/orgpaed2023\/wp-json\/wp\/v2\/pages"}],"about":[{"href":"https:\/\/edulead.net\/orgpaed2023\/wp-json\/wp\/v2\/types\/page"}],"author":[{"embeddable":true,"href":"https:\/\/edulead.net\/orgpaed2023\/wp-json\/wp\/v2\/users\/3"}],"replies":[{"embeddable":true,"href":"https:\/\/edulead.net\/orgpaed2023\/wp-json\/wp\/v2\/comments?post=2033"}],"version-history":[{"count":12,"href":"https:\/\/edulead.net\/orgpaed2023\/wp-json\/wp\/v2\/pages\/2033\/revisions"}],"predecessor-version":[{"id":2118,"href":"https:\/\/edulead.net\/orgpaed2023\/wp-json\/wp\/v2\/pages\/2033\/revisions\/2118"}],"wp:attachment":[{"href":"https:\/\/edulead.net\/orgpaed2023\/wp-json\/wp\/v2\/media?parent=2033"}],"curies":[{"name":"wp","href":"https:\/\/api.w.org\/{rel}","templated":true}]}}