{"id":1624,"date":"2022-03-07T17:30:54","date_gmt":"2022-03-07T16:30:54","guid":{"rendered":"https:\/\/edulead.net\/orgpaed2023\/?page_id=1624"},"modified":"2023-02-10T16:55:45","modified_gmt":"2023-02-10T15:55:45","slug":"organisation","status":"publish","type":"page","link":"https:\/\/edulead.net\/orgpaed2023\/organisation\/","title":{"rendered":"Organisation"},"content":{"rendered":"\t\t<div data-elementor-type=\"wp-page\" data-elementor-id=\"1624\" data-post-id=\"1624\" data-obj-id=\"1624\" class=\"elementor elementor-1624 dce-elementor-post-1624\" data-elementor-post-type=\"page\">\n\t\t\t\t\t\t<section class=\"elementor-section elementor-top-section elementor-element elementor-element-ba86f14 elementor-section-boxed elementor-section-height-default elementor-section-height-default\" data-id=\"ba86f14\" data-element_type=\"section\" data-e-type=\"section\">\n\t\t\t\t\t\t<div class=\"elementor-container elementor-column-gap-default\">\n\t\t\t\t\t<div class=\"elementor-column elementor-col-100 elementor-top-column elementor-element elementor-element-74b8591\" data-id=\"74b8591\" data-element_type=\"column\" data-e-type=\"column\">\n\t\t\t<div class=\"elementor-widget-wrap elementor-element-populated\">\n\t\t\t\t\t\t<div class=\"elementor-element elementor-element-14eb4b00 elementor-widget elementor-widget-text-editor\" data-id=\"14eb4b00\" data-element_type=\"widget\" data-e-type=\"widget\" data-widget_type=\"text-editor.default\">\n\t\t\t\t<div class=\"elementor-widget-container\">\n\t\t\t\t\t\t\t\t\t<p>Die lokale Organisation \u00fcbernimmt <a href=\"https:\/\/www.jku.at\/linz-school-of-education\/linz-school-of-education\/abteilung-fuer-bildungsforschung\/team\/univ-prof-dr-stephan-gerhard-huber\/\" target=\"_blank\" rel=\"noopener\">Prof. Dr. Stephan Gerhard Huber, Exzellenz-Lehrstuhl Leadership, Quality Management and Innovation<\/a>, <a href=\"https:\/\/www.jku.at\/linz-school-of-education\/linz-school-of-education\/abteilung-fuer-bildungsforschung\/\" target=\"_blank\" rel=\"noopener\">Abteilung f\u00fcr Bildungsforschung<\/a>, <a href=\"https:\/\/www.jku.at\/linz-school-of-education\/\" target=\"_blank\" rel=\"noopener\">Linz School of Education<\/a>, Johannes Kepler Universit\u00e4t Linz, und <a href=\"https:\/\/bildungsmanagement.net\/\" target=\"_blank\" rel=\"noopener\">Institut f\u00fcr Bildungsmanagement und Bildungs\u00f6konomie, P\u00e4dagogische Hochschule Zug<\/a>.<\/p><p>Organisator*innen des Vorstands der <a href=\"https:\/\/www.organisationspaedagogik.net\/\" target=\"_blank\" rel=\"noopener\">Sektion Organisationsp\u00e4dagogik der Deutschen Gesellschaft f\u00fcr Erziehungswissenschaften (DGfE)<\/a> sind <a href=\"https:\/\/pro.ph-ooe.at\/claudia-fahrenwald\" target=\"_blank\" rel=\"noopener\">Prof. Dr. Claudia Fahrenwald, Professur Organisationsp\u00e4dagogik mit Schwerpunkt Schulentwicklung, P\u00e4dagogische Hochschule Ober\u00f6sterreich<\/a>, und <a href=\"https:\/\/www.uni-trier.de\/universitaet\/fachbereiche-faecher\/fachbereich-i\/faecher-und-institute\/erziehungs-und-bildungswissenschaften\/erziehungswissenschaft\/abteilungen\/organisationspaedagogik\/team\/prof-dr-andreas-schroeer\" target=\"_blank\" rel=\"noopener\">Prof. Dr. Andreas Schr\u00f6er, Professur Organisationsp\u00e4dagogik, Universit\u00e4t Trier<\/a>.<\/p><p>Weitere Kooperationspartner sind die <a href=\"https:\/\/www.oefeb.at\/\" target=\"_blank\" rel=\"noopener\">\u00d6sterreichische Gesellschaft f\u00fcr Forschung und Entwicklung im Bildungswesen (\u00d6FEB)<\/a> und das <a href=\"https:\/\/wels.edulead.net\/\" target=\"_blank\" rel=\"noopener\">World Education Leadership Symposium (WELS)<\/a>.<\/p>\t\t\t\t\t\t\t\t<\/div>\n\t\t\t\t<\/div>\n\t\t\t\t<div class=\"elementor-element elementor-element-fc12a06 elementor-widget elementor-widget-text-editor\" data-id=\"fc12a06\" data-element_type=\"widget\" data-e-type=\"widget\" data-widget_type=\"text-editor.default\">\n\t\t\t\t<div class=\"elementor-widget-container\">\n\t\t\t\t\t\t\t\t\t<p><strong>Kontakt<\/strong><\/p>\t\t\t\t\t\t\t\t<\/div>\n\t\t\t\t<\/div>\n\t\t\t\t<div class=\"elementor-element elementor-element-c848627 elementor-icon-list--layout-traditional elementor-list-item-link-full_width elementor-widget elementor-widget-icon-list\" data-id=\"c848627\" data-element_type=\"widget\" data-e-type=\"widget\" data-widget_type=\"icon-list.default\">\n\t\t\t\t<div class=\"elementor-widget-container\">\n\t\t\t\t\t\t\t<ul class=\"elementor-icon-list-items\">\n\t\t\t\t\t\t\t<li class=\"elementor-icon-list-item\">\n\t\t\t\t\t\t\t\t\t\t\t<a href=\"http:\/\/www.EduLead.net\/orgpaed2023\">\n\n\t\t\t\t\t\t\t\t\t\t\t\t<span class=\"elementor-icon-list-icon\">\n\t\t\t\t\t\t\t<i aria-hidden=\"true\" class=\"fas fa-globe\"><\/i>\t\t\t\t\t\t<\/span>\n\t\t\t\t\t\t\t\t\t\t<span class=\"elementor-icon-list-text\">www.EduLead.net\/orgpaed2023<\/span>\n\t\t\t\t\t\t\t\t\t\t\t<\/a>\n\t\t\t\t\t\t\t\t\t<\/li>\n\t\t\t\t\t\t\t\t<li class=\"elementor-icon-list-item\">\n\t\t\t\t\t\t\t\t\t\t\t<a href=\"mailto:Orgpaed@EduLead.net\">\n\n\t\t\t\t\t\t\t\t\t\t\t\t<span class=\"elementor-icon-list-icon\">\n\t\t\t\t\t\t\t<i aria-hidden=\"true\" class=\"fas fa-mail-bulk\"><\/i>\t\t\t\t\t\t<\/span>\n\t\t\t\t\t\t\t\t\t\t<span class=\"elementor-icon-list-text\">Orgpaed@EduLead.net<\/span>\n\t\t\t\t\t\t\t\t\t\t\t<\/a>\n\t\t\t\t\t\t\t\t\t<\/li>\n\t\t\t\t\t\t\t\t<li class=\"elementor-icon-list-item\">\n\t\t\t\t\t\t\t\t\t\t\t<span class=\"elementor-icon-list-icon\">\n\t\t\t\t\t\t\t<i aria-hidden=\"true\" class=\"fas fa-phone-alt\"><\/i>\t\t\t\t\t\t<\/span>\n\t\t\t\t\t\t\t\t\t\t<span class=\"elementor-icon-list-text\">+43 732 2468 7240<\/span>\n\t\t\t\t\t\t\t\t\t<\/li>\n\t\t\t\t\t\t\t\t<li class=\"elementor-icon-list-item\">\n\t\t\t\t\t\t\t\t\t\t\t<span class=\"elementor-icon-list-icon\">\n\t\t\t\t\t\t\t<i aria-hidden=\"true\" class=\"far fa-envelope\"><\/i>\t\t\t\t\t\t<\/span>\n\t\t\t\t\t\t\t\t\t\t<span class=\"elementor-icon-list-text\">Science Park 5, 4. Stock, Johannes Kepler Universit\u00e4t Linz, Altenberger Stra\u00dfe 68, 4040 Linz<\/span>\n\t\t\t\t\t\t\t\t\t<\/li>\n\t\t\t\t\t\t<\/ul>\n\t\t\t\t\t\t<\/div>\n\t\t\t\t<\/div>\n\t\t\t\t<div class=\"elementor-element elementor-element-01cdeca elementor-widget elementor-widget-text-editor\" data-id=\"01cdeca\" data-element_type=\"widget\" data-e-type=\"widget\" data-widget_type=\"text-editor.default\">\n\t\t\t\t<div class=\"elementor-widget-container\">\n\t\t\t\t\t\t\t\t\t<p><strong>Social Media<\/strong><\/p>\t\t\t\t\t\t\t\t<\/div>\n\t\t\t\t<\/div>\n\t\t\t\t<div class=\"elementor-element elementor-element-828eee3 elementor-icon-list--layout-inline elementor-list-item-link-full_width elementor-widget elementor-widget-icon-list\" data-id=\"828eee3\" data-element_type=\"widget\" data-e-type=\"widget\" data-widget_type=\"icon-list.default\">\n\t\t\t\t<div class=\"elementor-widget-container\">\n\t\t\t\t\t\t\t<ul class=\"elementor-icon-list-items elementor-inline-items\">\n\t\t\t\t\t\t\t<li class=\"elementor-icon-list-item elementor-inline-item\">\n\t\t\t\t\t\t\t\t\t\t\t<a href=\"https:\/\/www.facebook.com\/huberedulead\/\">\n\n\t\t\t\t\t\t\t\t\t\t\t\t<span class=\"elementor-icon-list-icon\">\n\t\t\t\t\t\t\t<i aria-hidden=\"true\" class=\"fab fa-facebook-f\"><\/i>\t\t\t\t\t\t<\/span>\n\t\t\t\t\t\t\t\t\t\t<span class=\"elementor-icon-list-text\">Facebook<\/span>\n\t\t\t\t\t\t\t\t\t\t\t<\/a>\n\t\t\t\t\t\t\t\t\t<\/li>\n\t\t\t\t\t\t\t\t<li class=\"elementor-icon-list-item elementor-inline-item\">\n\t\t\t\t\t\t\t\t\t\t\t<a href=\"https:\/\/www.instagram.com\/huberedulead\/\">\n\n\t\t\t\t\t\t\t\t\t\t\t\t<span class=\"elementor-icon-list-icon\">\n\t\t\t\t\t\t\t<i aria-hidden=\"true\" class=\"fab fa-instagram\"><\/i>\t\t\t\t\t\t<\/span>\n\t\t\t\t\t\t\t\t\t\t<span class=\"elementor-icon-list-text\">Instagram<\/span>\n\t\t\t\t\t\t\t\t\t\t\t<\/a>\n\t\t\t\t\t\t\t\t\t<\/li>\n\t\t\t\t\t\t\t\t<li class=\"elementor-icon-list-item elementor-inline-item\">\n\t\t\t\t\t\t\t\t\t\t\t<a href=\"https:\/\/www.linkedin.com\/in\/huberstephan\/\">\n\n\t\t\t\t\t\t\t\t\t\t\t\t<span class=\"elementor-icon-list-icon\">\n\t\t\t\t\t\t\t<i aria-hidden=\"true\" class=\"fab fa-linkedin-in\"><\/i>\t\t\t\t\t\t<\/span>\n\t\t\t\t\t\t\t\t\t\t<span class=\"elementor-icon-list-text\">LinkedIn<\/span>\n\t\t\t\t\t\t\t\t\t\t\t<\/a>\n\t\t\t\t\t\t\t\t\t<\/li>\n\t\t\t\t\t\t\t\t<li class=\"elementor-icon-list-item elementor-inline-item\">\n\t\t\t\t\t\t\t\t\t\t\t<a href=\"https:\/\/twitter.com\/huberedulead\">\n\n\t\t\t\t\t\t\t\t\t\t\t\t<span class=\"elementor-icon-list-icon\">\n\t\t\t\t\t\t\t<i aria-hidden=\"true\" class=\"fab fa-twitter\"><\/i>\t\t\t\t\t\t<\/span>\n\t\t\t\t\t\t\t\t\t\t<span class=\"elementor-icon-list-text\">Twitter<\/span>\n\t\t\t\t\t\t\t\t\t\t\t<\/a>\n\t\t\t\t\t\t\t\t\t<\/li>\n\t\t\t\t\t\t\t\t<li class=\"elementor-icon-list-item elementor-inline-item\">\n\t\t\t\t\t\t\t\t\t\t\t<span class=\"elementor-icon-list-icon\">\n\t\t\t\t\t\t\t<i aria-hidden=\"true\" class=\"fas fa-hashtag\"><\/i>\t\t\t\t\t\t<\/span>\n\t\t\t\t\t\t\t\t\t\t<span class=\"elementor-icon-list-text\">OrganisationInnovation <\/span>\n\t\t\t\t\t\t\t\t\t<\/li>\n\t\t\t\t\t\t\t\t<li class=\"elementor-icon-list-item elementor-inline-item\">\n\t\t\t\t\t\t\t\t\t\t\t<span class=\"elementor-icon-list-icon\">\n\t\t\t\t\t\t\t<i aria-hidden=\"true\" class=\"fas fa-hashtag\"><\/i>\t\t\t\t\t\t<\/span>\n\t\t\t\t\t\t\t\t\t\t<span class=\"elementor-icon-list-text\">Organsiationsp\u00e4dagogik<\/span>\n\t\t\t\t\t\t\t\t\t<\/li>\n\t\t\t\t\t\t<\/ul>\n\t\t\t\t\t\t<\/div>\n\t\t\t\t<\/div>\n\t\t\t\t\t<\/div>\n\t\t<\/div>\n\t\t\t\t\t<\/div>\n\t\t<\/section>\n\t\t\t\t<\/div>\n\t\t","protected":false},"excerpt":{"rendered":"<p>Die lokale Organisation \u00fcbernimmt Prof. Dr. Stephan Gerhard Huber, Exzellenz-Lehrstuhl Leadership, Quality Management and Innovation, Abteilung f\u00fcr Bildungsforschung, Linz School of Education, Johannes Kepler Universit\u00e4t Linz, und Institut f\u00fcr Bildungsmanagement und Bildungs\u00f6konomie, P\u00e4dagogische Hochschule Zug. Organisator*innen des Vorstands der Sektion Organisationsp\u00e4dagogik der Deutschen Gesellschaft f\u00fcr Erziehungswissenschaften (DGfE) sind Prof. Dr. Claudia Fahrenwald, Professur Organisationsp\u00e4dagogik mit [&hellip;]<\/p>\n","protected":false},"author":1,"featured_media":0,"parent":0,"menu_order":0,"comment_status":"closed","ping_status":"closed","template":"","meta":{"footnotes":""},"class_list":["post-1624","page","type-page","status-publish","hentry"],"yoast_head":"<!-- This site is optimized with the Yoast SEO plugin v27.1.1 - https:\/\/yoast.com\/product\/yoast-seo-wordpress\/ -->\n<title>Organisation - Orgpaed2023<\/title>\n<meta name=\"robots\" content=\"index, follow, max-snippet:-1, max-image-preview:large, max-video-preview:-1\" \/>\n<link rel=\"canonical\" href=\"https:\/\/edulead.net\/orgpaed2023\/organisation\/\" \/>\n<meta property=\"og:locale\" content=\"de_DE\" \/>\n<meta property=\"og:type\" content=\"article\" \/>\n<meta property=\"og:title\" content=\"Organisation - Orgpaed2023\" \/>\n<meta property=\"og:description\" content=\"Die lokale Organisation \u00fcbernimmt Prof. Dr. Stephan Gerhard Huber, Exzellenz-Lehrstuhl Leadership, Quality Management and Innovation, Abteilung f\u00fcr Bildungsforschung, Linz School of Education, Johannes Kepler Universit\u00e4t Linz, und Institut f\u00fcr Bildungsmanagement und Bildungs\u00f6konomie, P\u00e4dagogische Hochschule Zug. Organisator*innen des Vorstands der Sektion Organisationsp\u00e4dagogik der Deutschen Gesellschaft f\u00fcr Erziehungswissenschaften (DGfE) sind Prof. Dr. Claudia Fahrenwald, Professur Organisationsp\u00e4dagogik mit [&hellip;]\" \/>\n<meta property=\"og:url\" content=\"https:\/\/edulead.net\/orgpaed2023\/organisation\/\" \/>\n<meta property=\"og:site_name\" content=\"Orgpaed2023\" \/>\n<meta property=\"article:modified_time\" content=\"2023-02-10T15:55:45+00:00\" \/>\n<meta name=\"twitter:card\" content=\"summary_large_image\" \/>\n<meta name=\"twitter:label1\" content=\"Gesch\u00e4tzte Lesezeit\" \/>\n\t<meta name=\"twitter:data1\" content=\"1\u00a0Minute\" \/>\n<script type=\"application\/ld+json\" class=\"yoast-schema-graph\">{\"@context\":\"https:\/\/schema.org\",\"@graph\":[{\"@type\":\"WebPage\",\"@id\":\"https:\/\/edulead.net\/orgpaed2023\/organisation\/\",\"url\":\"https:\/\/edulead.net\/orgpaed2023\/organisation\/\",\"name\":\"Organisation - Orgpaed2023\",\"isPartOf\":{\"@id\":\"https:\/\/edulead.net\/orgpaed2023\/#website\"},\"datePublished\":\"2022-03-07T16:30:54+00:00\",\"dateModified\":\"2023-02-10T15:55:45+00:00\",\"breadcrumb\":{\"@id\":\"https:\/\/edulead.net\/orgpaed2023\/organisation\/#breadcrumb\"},\"inLanguage\":\"de\",\"potentialAction\":[{\"@type\":\"ReadAction\",\"target\":[\"https:\/\/edulead.net\/orgpaed2023\/organisation\/\"]}]},{\"@type\":\"BreadcrumbList\",\"@id\":\"https:\/\/edulead.net\/orgpaed2023\/organisation\/#breadcrumb\",\"itemListElement\":[{\"@type\":\"ListItem\",\"position\":1,\"name\":\"Startseite\",\"item\":\"https:\/\/edulead.net\/orgpaed2023\/\"},{\"@type\":\"ListItem\",\"position\":2,\"name\":\"Organisation\"}]},{\"@type\":\"WebSite\",\"@id\":\"https:\/\/edulead.net\/orgpaed2023\/#website\",\"url\":\"https:\/\/edulead.net\/orgpaed2023\/\",\"name\":\"Orgpaed2023\",\"description\":\"\",\"potentialAction\":[{\"@type\":\"SearchAction\",\"target\":{\"@type\":\"EntryPoint\",\"urlTemplate\":\"https:\/\/edulead.net\/orgpaed2023\/?s={search_term_string}\"},\"query-input\":{\"@type\":\"PropertyValueSpecification\",\"valueRequired\":true,\"valueName\":\"search_term_string\"}}],\"inLanguage\":\"de\"}]}<\/script>\n<!-- \/ Yoast SEO plugin. -->","yoast_head_json":{"title":"Organisation - Orgpaed2023","robots":{"index":"index","follow":"follow","max-snippet":"max-snippet:-1","max-image-preview":"max-image-preview:large","max-video-preview":"max-video-preview:-1"},"canonical":"https:\/\/edulead.net\/orgpaed2023\/organisation\/","og_locale":"de_DE","og_type":"article","og_title":"Organisation - Orgpaed2023","og_description":"Die lokale Organisation \u00fcbernimmt Prof. Dr. Stephan Gerhard Huber, Exzellenz-Lehrstuhl Leadership, Quality Management and Innovation, Abteilung f\u00fcr Bildungsforschung, Linz School of Education, Johannes Kepler Universit\u00e4t Linz, und Institut f\u00fcr Bildungsmanagement und Bildungs\u00f6konomie, P\u00e4dagogische Hochschule Zug. Organisator*innen des Vorstands der Sektion Organisationsp\u00e4dagogik der Deutschen Gesellschaft f\u00fcr Erziehungswissenschaften (DGfE) sind Prof. Dr. Claudia Fahrenwald, Professur Organisationsp\u00e4dagogik mit [&hellip;]","og_url":"https:\/\/edulead.net\/orgpaed2023\/organisation\/","og_site_name":"Orgpaed2023","article_modified_time":"2023-02-10T15:55:45+00:00","twitter_card":"summary_large_image","twitter_misc":{"Gesch\u00e4tzte Lesezeit":"1\u00a0Minute"},"schema":{"@context":"https:\/\/schema.org","@graph":[{"@type":"WebPage","@id":"https:\/\/edulead.net\/orgpaed2023\/organisation\/","url":"https:\/\/edulead.net\/orgpaed2023\/organisation\/","name":"Organisation - Orgpaed2023","isPartOf":{"@id":"https:\/\/edulead.net\/orgpaed2023\/#website"},"datePublished":"2022-03-07T16:30:54+00:00","dateModified":"2023-02-10T15:55:45+00:00","breadcrumb":{"@id":"https:\/\/edulead.net\/orgpaed2023\/organisation\/#breadcrumb"},"inLanguage":"de","potentialAction":[{"@type":"ReadAction","target":["https:\/\/edulead.net\/orgpaed2023\/organisation\/"]}]},{"@type":"BreadcrumbList","@id":"https:\/\/edulead.net\/orgpaed2023\/organisation\/#breadcrumb","itemListElement":[{"@type":"ListItem","position":1,"name":"Startseite","item":"https:\/\/edulead.net\/orgpaed2023\/"},{"@type":"ListItem","position":2,"name":"Organisation"}]},{"@type":"WebSite","@id":"https:\/\/edulead.net\/orgpaed2023\/#website","url":"https:\/\/edulead.net\/orgpaed2023\/","name":"Orgpaed2023","description":"","potentialAction":[{"@type":"SearchAction","target":{"@type":"EntryPoint","urlTemplate":"https:\/\/edulead.net\/orgpaed2023\/?s={search_term_string}"},"query-input":{"@type":"PropertyValueSpecification","valueRequired":true,"valueName":"search_term_string"}}],"inLanguage":"de"}]}},"_links":{"self":[{"href":"https:\/\/edulead.net\/orgpaed2023\/wp-json\/wp\/v2\/pages\/1624","targetHints":{"allow":["GET"]}}],"collection":[{"href":"https:\/\/edulead.net\/orgpaed2023\/wp-json\/wp\/v2\/pages"}],"about":[{"href":"https:\/\/edulead.net\/orgpaed2023\/wp-json\/wp\/v2\/types\/page"}],"author":[{"embeddable":true,"href":"https:\/\/edulead.net\/orgpaed2023\/wp-json\/wp\/v2\/users\/1"}],"replies":[{"embeddable":true,"href":"https:\/\/edulead.net\/orgpaed2023\/wp-json\/wp\/v2\/comments?post=1624"}],"version-history":[{"count":34,"href":"https:\/\/edulead.net\/orgpaed2023\/wp-json\/wp\/v2\/pages\/1624\/revisions"}],"predecessor-version":[{"id":3109,"href":"https:\/\/edulead.net\/orgpaed2023\/wp-json\/wp\/v2\/pages\/1624\/revisions\/3109"}],"wp:attachment":[{"href":"https:\/\/edulead.net\/orgpaed2023\/wp-json\/wp\/v2\/media?parent=1624"}],"curies":[{"name":"wp","href":"https:\/\/api.w.org\/{rel}","templated":true}]}}