{"id":1620,"date":"2022-03-07T17:30:40","date_gmt":"2022-03-07T16:30:40","guid":{"rendered":"https:\/\/edulead.net\/orgpaed2023\/?page_id=1620"},"modified":"2023-01-19T18:07:49","modified_gmt":"2023-01-19T17:07:49","slug":"anmeldung","status":"publish","type":"page","link":"https:\/\/edulead.net\/orgpaed2023\/anmeldung\/","title":{"rendered":"Anmeldung"},"content":{"rendered":"\t\t<div data-elementor-type=\"wp-page\" data-elementor-id=\"1620\" data-post-id=\"1620\" data-obj-id=\"1620\" class=\"elementor elementor-1620 dce-elementor-post-1620\" data-elementor-post-type=\"page\">\n\t\t\t\t\t\t<section class=\"elementor-section elementor-top-section elementor-element elementor-element-30df555f elementor-section-boxed elementor-section-height-default elementor-section-height-default\" data-id=\"30df555f\" data-element_type=\"section\" data-e-type=\"section\">\n\t\t\t\t\t\t<div class=\"elementor-container elementor-column-gap-default\">\n\t\t\t\t\t<div class=\"elementor-column elementor-col-100 elementor-top-column elementor-element elementor-element-21046d24\" data-id=\"21046d24\" data-element_type=\"column\" data-e-type=\"column\">\n\t\t\t<div class=\"elementor-widget-wrap elementor-element-populated\">\n\t\t\t\t\t\t<div class=\"elementor-element elementor-element-3bd7ffa7 elementor-widget elementor-widget-text-editor\" data-id=\"3bd7ffa7\" data-element_type=\"widget\" data-e-type=\"widget\" data-widget_type=\"text-editor.default\">\n\t\t\t\t<div class=\"elementor-widget-container\">\n\t\t\t\t\t\t\t\t\t<p>\u00dcber den Link gelangen Sie zur Anmeldung f\u00fcr die Pre- und Hauptkonferenz. Die Anmeldung ist m\u00f6glich bis zum 6. Februar 2023.<\/p>\t\t\t\t\t\t\t\t<\/div>\n\t\t\t\t<\/div>\n\t\t\t\t<div class=\"elementor-element elementor-element-2795d59 elementor-widget elementor-widget-button\" data-id=\"2795d59\" data-element_type=\"widget\" data-e-type=\"widget\" data-widget_type=\"button.default\">\n\t\t\t\t<div class=\"elementor-widget-container\">\n\t\t\t\t\t\t\t\t\t<div class=\"elementor-button-wrapper\">\n\t\t\t\t\t<a class=\"elementor-button elementor-button-link elementor-size-sm\" href=\"https:\/\/www.unipark.de\/uc\/Orgpaed2023Anmeldung\/\">\n\t\t\t\t\t\t<span class=\"elementor-button-content-wrapper\">\n\t\t\t\t\t\t\t\t\t<span class=\"elementor-button-text\">Anmeldung<\/span>\n\t\t\t\t\t<\/span>\n\t\t\t\t\t<\/a>\n\t\t\t\t<\/div>\n\t\t\t\t\t\t\t\t<\/div>\n\t\t\t\t<\/div>\n\t\t\t\t\t<\/div>\n\t\t<\/div>\n\t\t\t\t\t<\/div>\n\t\t<\/section>\n\t\t\t\t<section class=\"elementor-section elementor-top-section elementor-element elementor-element-9b25d8e elementor-section-boxed elementor-section-height-default elementor-section-height-default\" data-id=\"9b25d8e\" data-element_type=\"section\" data-e-type=\"section\">\n\t\t\t\t\t\t<div class=\"elementor-container elementor-column-gap-default\">\n\t\t\t\t\t<div class=\"elementor-column elementor-col-100 elementor-top-column elementor-element elementor-element-48f95d9\" data-id=\"48f95d9\" data-element_type=\"column\" data-e-type=\"column\">\n\t\t\t<div class=\"elementor-widget-wrap elementor-element-populated\">\n\t\t\t\t\t\t<div class=\"elementor-element elementor-element-0d6e092 elementor-widget elementor-widget-spacer\" data-id=\"0d6e092\" data-element_type=\"widget\" data-e-type=\"widget\" data-widget_type=\"spacer.default\">\n\t\t\t\t<div class=\"elementor-widget-container\">\n\t\t\t\t\t\t\t<div class=\"elementor-spacer\">\n\t\t\t<div class=\"elementor-spacer-inner\"><\/div>\n\t\t<\/div>\n\t\t\t\t\t\t<\/div>\n\t\t\t\t<\/div>\n\t\t\t\t\t<\/div>\n\t\t<\/div>\n\t\t\t\t\t<\/div>\n\t\t<\/section>\n\t\t\t\t<section class=\"elementor-section elementor-top-section elementor-element elementor-element-c418de8 elementor-section-boxed elementor-section-height-default elementor-section-height-default\" data-id=\"c418de8\" data-element_type=\"section\" data-e-type=\"section\">\n\t\t\t\t\t\t<div class=\"elementor-container elementor-column-gap-default\">\n\t\t\t\t\t<div class=\"elementor-column elementor-col-100 elementor-top-column elementor-element elementor-element-afd7993\" data-id=\"afd7993\" data-element_type=\"column\" data-e-type=\"column\">\n\t\t\t<div class=\"elementor-widget-wrap elementor-element-populated\">\n\t\t\t\t\t\t<div class=\"elementor-element elementor-element-6fd487a elementor-widget elementor-widget-heading\" data-id=\"6fd487a\" data-element_type=\"widget\" data-e-type=\"widget\" data-widget_type=\"heading.default\">\n\t\t\t\t<div class=\"elementor-widget-container\">\n\t\t\t\t\t<h2 class=\"elementor-heading-title elementor-size-default\">Teilnahmegeb\u00fchren<\/h2>\t\t\t\t<\/div>\n\t\t\t\t<\/div>\n\t\t\t\t\t<\/div>\n\t\t<\/div>\n\t\t\t\t\t<\/div>\n\t\t<\/section>\n\t\t\t\t<section class=\"elementor-section elementor-top-section elementor-element elementor-element-f8ac822 elementor-section-boxed elementor-section-height-default elementor-section-height-default\" data-id=\"f8ac822\" data-element_type=\"section\" data-e-type=\"section\">\n\t\t\t\t\t\t<div class=\"elementor-container elementor-column-gap-default\">\n\t\t\t\t\t<div class=\"elementor-column elementor-col-100 elementor-top-column elementor-element elementor-element-e5261bd\" data-id=\"e5261bd\" data-element_type=\"column\" data-e-type=\"column\">\n\t\t\t<div class=\"elementor-widget-wrap elementor-element-populated\">\n\t\t\t\t\t\t<div class=\"elementor-element elementor-element-1637e50 elementor-widget elementor-widget-text-editor\" data-id=\"1637e50\" data-element_type=\"widget\" data-e-type=\"widget\" data-widget_type=\"text-editor.default\">\n\t\t\t\t<div class=\"elementor-widget-container\">\n\t\t\t\t\t\t\t\t\t<p>Trotz inflation\u00e4r bedingter Teuerungen bleibt die Teilnahmegeb\u00fchr im bisherigen Rahmen. Die Geb\u00fchr deckt die Kosten f\u00fcr die Pausenverpflegung und Infrastruktur.\u00a0<\/p>\t\t\t\t\t\t\t\t<\/div>\n\t\t\t\t<\/div>\n\t\t\t\t\t<\/div>\n\t\t<\/div>\n\t\t\t\t\t<\/div>\n\t\t<\/section>\n\t\t\t\t<section class=\"elementor-section elementor-top-section elementor-element elementor-element-ae08233 elementor-section-boxed elementor-section-height-default elementor-section-height-default\" data-id=\"ae08233\" data-element_type=\"section\" data-e-type=\"section\">\n\t\t\t\t\t\t<div class=\"elementor-container elementor-column-gap-default\">\n\t\t\t\t\t<div class=\"elementor-column elementor-col-33 elementor-top-column elementor-element elementor-element-d7487f3\" data-id=\"d7487f3\" data-element_type=\"column\" data-e-type=\"column\">\n\t\t\t<div class=\"elementor-widget-wrap elementor-element-populated\">\n\t\t\t\t\t\t<div class=\"elementor-element elementor-element-2ff07fc elementor-widget elementor-widget-text-editor\" data-id=\"2ff07fc\" data-element_type=\"widget\" data-e-type=\"widget\" data-widget_type=\"text-editor.default\">\n\t\t\t\t<div class=\"elementor-widget-container\">\n\t\t\t\t\t\t\t\t\t<p><strong>Hauptkonferenz<\/strong><\/p><p>Teilnahmegeb\u00fchr: 100 Euro<\/p><p>Teilnahmegeb\u00fchr inkl. freiwilligem Soli-Anteil in H\u00f6he von 10 Euro zur Unterst\u00fctzung von Wissenschaftler*innen in der Qualifikationsphase bei der Tagung: 110 Euro<\/p><p>Teilnahmegeb\u00fchr inkl. Erm\u00e4\u00dfigung aufgrund von Teilzeit bzw. Promotionsstipendium: 60 Euro<\/p><p>Teilnahmegeb\u00fchr inkl. Erm\u00e4\u00dfigung aufgrund fehlendem festen Arbeitsverh\u00e4ltnis bzw. Erststudium: 30 Euro<\/p>\t\t\t\t\t\t\t\t<\/div>\n\t\t\t\t<\/div>\n\t\t\t\t\t<\/div>\n\t\t<\/div>\n\t\t\t\t<div class=\"elementor-column elementor-col-33 elementor-top-column elementor-element elementor-element-02117bf\" data-id=\"02117bf\" data-element_type=\"column\" data-e-type=\"column\">\n\t\t\t<div class=\"elementor-widget-wrap elementor-element-populated\">\n\t\t\t\t\t\t<div class=\"elementor-element elementor-element-ab49d07 elementor-widget elementor-widget-text-editor\" data-id=\"ab49d07\" data-element_type=\"widget\" data-e-type=\"widget\" data-widget_type=\"text-editor.default\">\n\t\t\t\t<div class=\"elementor-widget-container\">\n\t\t\t\t\t\t\t\t\t<p><strong>Pre-Konferenz<\/strong><\/p><p>Teilnahmegeb\u00fchr: 35 Euro<\/p><p>Teilnahmegeb\u00fchr inkl. Erm\u00e4\u00dfigung aufgrund von Teilzeit bzw. Promotionsstipendium: 25 Euro<\/p><p>Teilnahmegeb\u00fchr inkl. Erm\u00e4\u00dfigung aufgrund fehlendem festen Arbeitsverh\u00e4ltnis bzw. Erststudium: 15 Euro<\/p>\t\t\t\t\t\t\t\t<\/div>\n\t\t\t\t<\/div>\n\t\t\t\t\t<\/div>\n\t\t<\/div>\n\t\t\t\t<div class=\"elementor-column elementor-col-33 elementor-top-column elementor-element elementor-element-566b131\" data-id=\"566b131\" data-element_type=\"column\" data-e-type=\"column\">\n\t\t\t<div class=\"elementor-widget-wrap elementor-element-populated\">\n\t\t\t\t\t\t<div class=\"elementor-element elementor-element-16bde2c elementor-widget elementor-widget-text-editor\" data-id=\"16bde2c\" data-element_type=\"widget\" data-e-type=\"widget\" data-widget_type=\"text-editor.default\">\n\t\t\t\t<div class=\"elementor-widget-container\">\n\t\t\t\t\t\t\t\t\t<p><strong>Gesellschaftsabend der Hauptkonferenz<\/strong><\/p><p>Abendessen mit Sektempfang und Rahmenprogramm am 16. Februar 2023: 15 Euro (exklusive weiterer Getr\u00e4nke)<\/p>\t\t\t\t\t\t\t\t<\/div>\n\t\t\t\t<\/div>\n\t\t\t\t\t<\/div>\n\t\t<\/div>\n\t\t\t\t\t<\/div>\n\t\t<\/section>\n\t\t\t\t<\/div>\n\t\t","protected":false},"excerpt":{"rendered":"<p>\u00dcber den Link gelangen Sie zur Anmeldung f\u00fcr die Pre- und Hauptkonferenz. Die Anmeldung ist m\u00f6glich bis zum 6. Februar 2023. Anmeldung Teilnahmegeb\u00fchren Trotz inflation\u00e4r bedingter Teuerungen bleibt die Teilnahmegeb\u00fchr im bisherigen Rahmen. Die Geb\u00fchr deckt die Kosten f\u00fcr die Pausenverpflegung und Infrastruktur.\u00a0 Hauptkonferenz Teilnahmegeb\u00fchr: 100 Euro Teilnahmegeb\u00fchr inkl. freiwilligem Soli-Anteil in H\u00f6he von 10 [&hellip;]<\/p>\n","protected":false},"author":1,"featured_media":1819,"parent":0,"menu_order":0,"comment_status":"closed","ping_status":"closed","template":"","meta":{"footnotes":""},"class_list":["post-1620","page","type-page","status-publish","has-post-thumbnail","hentry"],"yoast_head":"<!-- This site is optimized with the Yoast SEO plugin v27.1.1 - https:\/\/yoast.com\/product\/yoast-seo-wordpress\/ -->\n<title>Anmeldung - Orgpaed2023<\/title>\n<meta name=\"robots\" content=\"index, follow, max-snippet:-1, max-image-preview:large, max-video-preview:-1\" \/>\n<link rel=\"canonical\" href=\"https:\/\/edulead.net\/orgpaed2023\/anmeldung\/\" \/>\n<meta property=\"og:locale\" content=\"de_DE\" \/>\n<meta property=\"og:type\" content=\"article\" \/>\n<meta property=\"og:title\" content=\"Anmeldung - Orgpaed2023\" \/>\n<meta property=\"og:description\" content=\"\u00dcber den Link gelangen Sie zur Anmeldung f\u00fcr die Pre- und Hauptkonferenz. Die Anmeldung ist m\u00f6glich bis zum 6. Februar 2023. Anmeldung Teilnahmegeb\u00fchren Trotz inflation\u00e4r bedingter Teuerungen bleibt die Teilnahmegeb\u00fchr im bisherigen Rahmen. Die Geb\u00fchr deckt die Kosten f\u00fcr die Pausenverpflegung und Infrastruktur.\u00a0 Hauptkonferenz Teilnahmegeb\u00fchr: 100 Euro Teilnahmegeb\u00fchr inkl. freiwilligem Soli-Anteil in H\u00f6he von 10 [&hellip;]\" \/>\n<meta property=\"og:url\" content=\"https:\/\/edulead.net\/orgpaed2023\/anmeldung\/\" \/>\n<meta property=\"og:site_name\" content=\"Orgpaed2023\" \/>\n<meta property=\"article:modified_time\" content=\"2023-01-19T17:07:49+00:00\" \/>\n<meta property=\"og:image\" content=\"https:\/\/edulead.net\/orgpaed2023\/wp-content\/uploads\/sites\/10\/2022\/03\/DSC_9572_small.jpg\" \/>\n\t<meta property=\"og:image:width\" content=\"2500\" \/>\n\t<meta property=\"og:image:height\" content=\"1669\" \/>\n\t<meta property=\"og:image:type\" content=\"image\/jpeg\" \/>\n<meta name=\"twitter:card\" content=\"summary_large_image\" \/>\n<meta name=\"twitter:label1\" content=\"Gesch\u00e4tzte Lesezeit\" \/>\n\t<meta name=\"twitter:data1\" content=\"1\u00a0Minute\" \/>\n<script type=\"application\/ld+json\" class=\"yoast-schema-graph\">{\"@context\":\"https:\/\/schema.org\",\"@graph\":[{\"@type\":\"WebPage\",\"@id\":\"https:\/\/edulead.net\/orgpaed2023\/anmeldung\/\",\"url\":\"https:\/\/edulead.net\/orgpaed2023\/anmeldung\/\",\"name\":\"Anmeldung - Orgpaed2023\",\"isPartOf\":{\"@id\":\"https:\/\/edulead.net\/orgpaed2023\/#website\"},\"primaryImageOfPage\":{\"@id\":\"https:\/\/edulead.net\/orgpaed2023\/anmeldung\/#primaryimage\"},\"image\":{\"@id\":\"https:\/\/edulead.net\/orgpaed2023\/anmeldung\/#primaryimage\"},\"thumbnailUrl\":\"https:\/\/edulead.net\/orgpaed2023\/wp-content\/uploads\/sites\/10\/2022\/03\/DSC_9572_small.jpg\",\"datePublished\":\"2022-03-07T16:30:40+00:00\",\"dateModified\":\"2023-01-19T17:07:49+00:00\",\"breadcrumb\":{\"@id\":\"https:\/\/edulead.net\/orgpaed2023\/anmeldung\/#breadcrumb\"},\"inLanguage\":\"de\",\"potentialAction\":[{\"@type\":\"ReadAction\",\"target\":[\"https:\/\/edulead.net\/orgpaed2023\/anmeldung\/\"]}]},{\"@type\":\"ImageObject\",\"inLanguage\":\"de\",\"@id\":\"https:\/\/edulead.net\/orgpaed2023\/anmeldung\/#primaryimage\",\"url\":\"https:\/\/edulead.net\/orgpaed2023\/wp-content\/uploads\/sites\/10\/2022\/03\/DSC_9572_small.jpg\",\"contentUrl\":\"https:\/\/edulead.net\/orgpaed2023\/wp-content\/uploads\/sites\/10\/2022\/03\/DSC_9572_small.jpg\",\"width\":2500,\"height\":1669},{\"@type\":\"BreadcrumbList\",\"@id\":\"https:\/\/edulead.net\/orgpaed2023\/anmeldung\/#breadcrumb\",\"itemListElement\":[{\"@type\":\"ListItem\",\"position\":1,\"name\":\"Startseite\",\"item\":\"https:\/\/edulead.net\/orgpaed2023\/\"},{\"@type\":\"ListItem\",\"position\":2,\"name\":\"Anmeldung\"}]},{\"@type\":\"WebSite\",\"@id\":\"https:\/\/edulead.net\/orgpaed2023\/#website\",\"url\":\"https:\/\/edulead.net\/orgpaed2023\/\",\"name\":\"Orgpaed2023\",\"description\":\"\",\"potentialAction\":[{\"@type\":\"SearchAction\",\"target\":{\"@type\":\"EntryPoint\",\"urlTemplate\":\"https:\/\/edulead.net\/orgpaed2023\/?s={search_term_string}\"},\"query-input\":{\"@type\":\"PropertyValueSpecification\",\"valueRequired\":true,\"valueName\":\"search_term_string\"}}],\"inLanguage\":\"de\"}]}<\/script>\n<!-- \/ Yoast SEO plugin. -->","yoast_head_json":{"title":"Anmeldung - Orgpaed2023","robots":{"index":"index","follow":"follow","max-snippet":"max-snippet:-1","max-image-preview":"max-image-preview:large","max-video-preview":"max-video-preview:-1"},"canonical":"https:\/\/edulead.net\/orgpaed2023\/anmeldung\/","og_locale":"de_DE","og_type":"article","og_title":"Anmeldung - Orgpaed2023","og_description":"\u00dcber den Link gelangen Sie zur Anmeldung f\u00fcr die Pre- und Hauptkonferenz. Die Anmeldung ist m\u00f6glich bis zum 6. Februar 2023. Anmeldung Teilnahmegeb\u00fchren Trotz inflation\u00e4r bedingter Teuerungen bleibt die Teilnahmegeb\u00fchr im bisherigen Rahmen. Die Geb\u00fchr deckt die Kosten f\u00fcr die Pausenverpflegung und Infrastruktur.\u00a0 Hauptkonferenz Teilnahmegeb\u00fchr: 100 Euro Teilnahmegeb\u00fchr inkl. freiwilligem Soli-Anteil in H\u00f6he von 10 [&hellip;]","og_url":"https:\/\/edulead.net\/orgpaed2023\/anmeldung\/","og_site_name":"Orgpaed2023","article_modified_time":"2023-01-19T17:07:49+00:00","og_image":[{"width":2500,"height":1669,"url":"https:\/\/edulead.net\/orgpaed2023\/wp-content\/uploads\/sites\/10\/2022\/03\/DSC_9572_small.jpg","type":"image\/jpeg"}],"twitter_card":"summary_large_image","twitter_misc":{"Gesch\u00e4tzte Lesezeit":"1\u00a0Minute"},"schema":{"@context":"https:\/\/schema.org","@graph":[{"@type":"WebPage","@id":"https:\/\/edulead.net\/orgpaed2023\/anmeldung\/","url":"https:\/\/edulead.net\/orgpaed2023\/anmeldung\/","name":"Anmeldung - Orgpaed2023","isPartOf":{"@id":"https:\/\/edulead.net\/orgpaed2023\/#website"},"primaryImageOfPage":{"@id":"https:\/\/edulead.net\/orgpaed2023\/anmeldung\/#primaryimage"},"image":{"@id":"https:\/\/edulead.net\/orgpaed2023\/anmeldung\/#primaryimage"},"thumbnailUrl":"https:\/\/edulead.net\/orgpaed2023\/wp-content\/uploads\/sites\/10\/2022\/03\/DSC_9572_small.jpg","datePublished":"2022-03-07T16:30:40+00:00","dateModified":"2023-01-19T17:07:49+00:00","breadcrumb":{"@id":"https:\/\/edulead.net\/orgpaed2023\/anmeldung\/#breadcrumb"},"inLanguage":"de","potentialAction":[{"@type":"ReadAction","target":["https:\/\/edulead.net\/orgpaed2023\/anmeldung\/"]}]},{"@type":"ImageObject","inLanguage":"de","@id":"https:\/\/edulead.net\/orgpaed2023\/anmeldung\/#primaryimage","url":"https:\/\/edulead.net\/orgpaed2023\/wp-content\/uploads\/sites\/10\/2022\/03\/DSC_9572_small.jpg","contentUrl":"https:\/\/edulead.net\/orgpaed2023\/wp-content\/uploads\/sites\/10\/2022\/03\/DSC_9572_small.jpg","width":2500,"height":1669},{"@type":"BreadcrumbList","@id":"https:\/\/edulead.net\/orgpaed2023\/anmeldung\/#breadcrumb","itemListElement":[{"@type":"ListItem","position":1,"name":"Startseite","item":"https:\/\/edulead.net\/orgpaed2023\/"},{"@type":"ListItem","position":2,"name":"Anmeldung"}]},{"@type":"WebSite","@id":"https:\/\/edulead.net\/orgpaed2023\/#website","url":"https:\/\/edulead.net\/orgpaed2023\/","name":"Orgpaed2023","description":"","potentialAction":[{"@type":"SearchAction","target":{"@type":"EntryPoint","urlTemplate":"https:\/\/edulead.net\/orgpaed2023\/?s={search_term_string}"},"query-input":{"@type":"PropertyValueSpecification","valueRequired":true,"valueName":"search_term_string"}}],"inLanguage":"de"}]}},"_links":{"self":[{"href":"https:\/\/edulead.net\/orgpaed2023\/wp-json\/wp\/v2\/pages\/1620","targetHints":{"allow":["GET"]}}],"collection":[{"href":"https:\/\/edulead.net\/orgpaed2023\/wp-json\/wp\/v2\/pages"}],"about":[{"href":"https:\/\/edulead.net\/orgpaed2023\/wp-json\/wp\/v2\/types\/page"}],"author":[{"embeddable":true,"href":"https:\/\/edulead.net\/orgpaed2023\/wp-json\/wp\/v2\/users\/1"}],"replies":[{"embeddable":true,"href":"https:\/\/edulead.net\/orgpaed2023\/wp-json\/wp\/v2\/comments?post=1620"}],"version-history":[{"count":44,"href":"https:\/\/edulead.net\/orgpaed2023\/wp-json\/wp\/v2\/pages\/1620\/revisions"}],"predecessor-version":[{"id":2886,"href":"https:\/\/edulead.net\/orgpaed2023\/wp-json\/wp\/v2\/pages\/1620\/revisions\/2886"}],"wp:featuredmedia":[{"embeddable":true,"href":"https:\/\/edulead.net\/orgpaed2023\/wp-json\/wp\/v2\/media\/1819"}],"wp:attachment":[{"href":"https:\/\/edulead.net\/orgpaed2023\/wp-json\/wp\/v2\/media?parent=1620"}],"curies":[{"name":"wp","href":"https:\/\/api.w.org\/{rel}","templated":true}]}}